{"id":573,"date":"2022-12-13T12:31:06","date_gmt":"2022-12-13T11:31:06","guid":{"rendered":"http:\/\/bonnietarot.de\/?page_id=573"},"modified":"2023-01-28T15:39:14","modified_gmt":"2023-01-28T14:39:14","slug":"besondere-themenbedeutungen-einzelner-karten","status":"publish","type":"page","link":"https:\/\/bonnietarot.de\/index.php\/besondere-themenbedeutungen-einzelner-karten\/","title":{"rendered":"Besondere Themenbedeutungen einzelner Karten"},"content":{"rendered":"\n<p>Diese Karten haben besondere Bedeutungen, wenn sie im Rahmen einer Legung f\u00fcr Liebesangelegenheiten fallen:<\/p>\n\n\n\n<ol class=\"wp-block-list\" type=\"A\">\n<li><strong>Die Liebenden<\/strong> stehen f\u00fcr eine Entscheidung aus dem Gef\u00fchl. Die Karte kann auch f\u00fcr die grosse Liebe stehen.<\/li>\n\n\n\n<li><strong>3 der Schwerter<\/strong> ist das von 3 Schwertern durchbohrte Herz, das f\u00fcr eine Entscheidung gegen das Gef\u00fchl steht.<\/li>\n\n\n\n<li><strong>Die Welt<\/strong> besagt, dass an der Seite dieses Menschen dein Platz ist, dass du dorthin geh\u00f6rst.<\/li>\n\n\n\n<li><strong>Das Gericht<\/strong> besagt, dass dieser Zustand <strong>der Welt<\/strong> angesteuert wird oder kurz bevorsteht.<\/li>\n\n\n\n<li>F\u00fcr eine Heirat k\u00f6nnte <strong>der Herrscher<\/strong> stehen, da er das Gesetz und Recht und Ordnung verk\u00f6rpert. Oder eben auch <strong>die Welt<\/strong>.<\/li>\n\n\n\n<li>F\u00fcr sich ank\u00fcndigenden Nachwuchs kann <strong>die Herrscherin<\/strong> stehen, weil sie f\u00fcr Wachstum steht. Aber auch die <strong>7 der M\u00fcnzen <\/strong>kann eine Schwangerschaft bedeuten.<\/li>\n\n\n\n<li><strong>Der Teufel<\/strong> kann f\u00fcr eine ungute, abh\u00e4ngige Beziehung oder sexuelle H\u00f6rigkeit stehen.<\/li>\n\n\n\n<li>Die <strong>2 der Kelche<\/strong> zeigt sehr deutlich einen Flirt. Auch der <strong>Bube der Kelche<\/strong> kann daf\u00fcr stehen.<\/li>\n\n\n\n<li>Das Ende der Beziehung kann vom <strong>Tod <\/strong>(nat\u00fcrliches Ende, das sich ank\u00fcndigt und abzusehen ist) oder auch durch die <strong>10 der Schwerter<\/strong> (\u00fcberraschendes, oft auch gewaltsames Ende, einer \u201emacht Schluss\u201c)&nbsp; gezeigt werden.<\/li>\n\n\n\n<li>Das <strong>As der Kelche<\/strong> ist eine besondere Gl\u00fcckskarte in Bezug auf die Liebe und sagt aus, dass wir in dieser Beziehung die grosse Liebe und tiefes Gl\u00fcck erleben d\u00fcrfen.<\/li>\n<\/ol>\n\n\n\n<p>Karten mit einem besonderen Gesundheitsbezug sind<\/p>\n\n\n\n<ol class=\"wp-block-list\" type=\"A\">\n<li><strong>Die Kraft<\/strong> sagt etwas aus \u00fcber Vitalit\u00e4t und Energie<\/li>\n\n\n\n<li><strong>Die M\u00e4ssigkeit<\/strong> steht auch f\u00fcr Heilung, Heil sein<\/li>\n\n\n\n<li>Die <strong>4 der Schwerter<\/strong> steht insbesondere f\u00fcr Krankheit und Zwangspause<\/li>\n\n\n\n<li>Die <strong>9 der M\u00fcnzen <\/strong>kann f\u00fcr eine pl\u00f6tzliche Besserung, eine Wunderheilung hinweisen<\/li>\n\n\n\n<li>Die <strong>3 der Kelche<\/strong> beinhaltet Genesung in seinem Bedeutungsspektrum.<\/li>\n\n\n\n<li><strong>Der Tod<\/strong> kann, aber muss nicht den physischen Tod bedeuten. Er steht aber f\u00fcr ein Ende, das man vorhersehen kann. Es kann auch das Ende einer Krankheit oder eines Zustandes sein.<\/li>\n\n\n\n<li>Die <strong>10 der Schwerter<\/strong> besagt, dass etwas willk\u00fcrlich beendet wird. Es k\u00f6nnte z.B. im gesundheitlichen Kontext f\u00fcr eine Operation stehen.<\/li>\n<\/ol>\n\n\n\n<p>Karten mit einem besonderen Bezug zu Beruf und Karriere sehe ich in diesen Karten<\/p>\n\n\n\n<ol class=\"wp-block-list\" type=\"A\">\n<li><strong>Der Wagen, 6 der Schwerter<\/strong> und <strong>8 Kelche<\/strong> sind Aufbruchkarten, die f\u00fcr ein Ende einer T\u00e4tigkeit und den Aufbruch in einen Neuanfang stehen, wobei der Wagen die Freude des Neuanfangs, die 6 der Schwerter die Ungewi\u00dfheit des Neuen und die 8 der Kelche die Trauer um das, was man zur\u00fcckl\u00e4sst, betonen. &nbsp;<\/li>\n\n\n\n<li><strong>Der Turm, der Tod<\/strong> und die <strong>10 der Schwerter<\/strong> k\u00f6nnen ebenfalls f\u00fcr ein Ende eines Zustandes stehen, also beispielsweise sogar f\u00fcr eine K\u00fcndigung. Wobei die K\u00fcndigung beim Tod abzusehen war, bei den beiden anderen Karten nicht. Der Turm sagt ebenfalls aus, dass das Ende letztendlich gut war, weil das Alte bereits erstarrt war.<\/li>\n\n\n\n<li>Wettbewerbe und Auseinandersetzungen mit anderen (Kollegen, Chefs, Kunden) werden durch <strong>5 <\/strong>und<strong> 7 der St\u00e4be <\/strong>angezeigt. Die negativste Konfliktkarte ist <strong>die 5 der Schwerter<\/strong>, sie steht auch f\u00fcr eine Dem\u00fctigung und Niederlage.<\/li>\n\n\n\n<li>Generell stehen die <strong>M\u00fcnzkarten<\/strong> f\u00fcr materielle Dinge, also Einkommen, Gewinn, Ertrag.<\/li>\n\n\n\n<li>Eine gute Nachricht und Anerkennung wird von der <strong>6 der St\u00e4be<\/strong> angezeigt. Z.B. k\u00f6nnte sie eine erfolgreiche Bewerbung zeigen.<\/li>\n<\/ol>\n\n\n\n<p>Karten mit einem besonderen Bezug zur Selbsterfahrung k\u00f6nnten diese hier sein:<\/p>\n\n\n\n<ol class=\"wp-block-list\" type=\"A\">\n<li><strong>Der Magier<\/strong> hat sein Schicksal in den eigenen H\u00e4nden. Er beherrscht die Kr\u00e4fte des Kosmos, im Bild der Karte durch die ausgesteckten H\u00e4nde nach oben (Gott oder geistige Welt) und nach unten (Erde) dargestellt. Wenn der Magier f\u00e4llt, hat die Person ihr Leben im Griff oder ist auf dem Weg dazu.<\/li>\n\n\n\n<li>Das <strong>Rad des Schicksals<\/strong> ist ein Gegenentwurf zum Magier. Wann immer diese Karte f\u00e4llt, geschieht dem Fragenden etwas, was er nicht beeinflussen kann. Das kann man negativ sehen, aber es kann auch sein, dass aus der geistigen Welt zum Vorteil des Fragenden eingegriffen wird und der Frager den Vorteil des Vorfalls erst zu einem sp\u00e4teren Zeitpunkt erkennen kann.<\/li>\n\n\n\n<li>Eine relativ \u00e4hnliche Bedeutung hat <strong>der Turm<\/strong>, wobei der Turm immer mit starken und sichtbaren Ver\u00e4nderungen im Au\u00dfen einher geht.<\/li>\n\n\n\n<li><strong>Der Geh\u00e4ngte<\/strong> ist eine der gruseligen Karten im Tarot. Er zeigt, dass es einen Punkt gibt, an dem man nicht mehr auf die alte Art und Weise weitermachen kann, es geht nicht mehr weiter, man muss umdenken.<\/li>\n\n\n\n<li><strong>Die Sonne<\/strong> zeigt an, dass wir uns nach einer l\u00e4ngeren Nachtreise (sehr gut durch <strong>den Mond<\/strong> dargestellt) wieder ins Licht begeben.<\/li>\n\n\n\n<li><strong>Die Welt<\/strong> besagt, dass wir am richtigen Platz sind. <strong>Das Gericht<\/strong> k\u00fcndigt diesen Zustand an.<\/li>\n\n\n\n<li><strong>Die Hohepriesterin<\/strong> ist ein Hinweis auf einen guten Kontakt zu den wohlwollenden Kr\u00e4ften der geistigen Welt, beispielsweise unserer Ahnen oder der eigenen Seele, der eigenen Seelenfamilie. Wo sie auftaucht, ist sie ein Zeichen daf\u00fcr, auf unsere Intuition zu achten.<\/li>\n\n\n\n<li><strong>Hohepriesterin, Hierophant <\/strong>und<strong> der Stern <\/strong>sind Schutzkarten. Wenn sie fallen, steht die Angelegenheit unter dem Schutz der freundlichen M\u00e4chte der unsichtbaren Welt.<\/li>\n<\/ol>\n","protected":false},"excerpt":{"rendered":"<p>Diese Karten haben besondere Bedeutungen, wenn sie im Rahmen einer Legung f\u00fcr Liebesangelegenheiten fallen: Karten mit einem besonderen Gesundheitsbezug sind Karten mit einem besonderen Bezug zu Beruf und Karriere sehe ich in diesen Karten Karten mit einem besonderen Bezug zur Selbsterfahrung k\u00f6nnten diese hier sein:<\/p>\n","protected":false},"author":1,"featured_media":0,"parent":0,"menu_order":0,"comment_status":"closed","ping_status":"closed","template":"","meta":{"_eb_attr":"","footnotes":""},"class_list":["post-573","page","type-page","status-publish","hentry"],"yoast_head":"<!-- This site is optimized with the Yoast SEO plugin v20.0 - https:\/\/yoast.com\/wordpress\/plugins\/seo\/ -->\n<title>Besondere Themenbedeutungen einzelner Karten - Bonnie Tarot<\/title>\n<meta name=\"description\" content=\"Besondere Themenbedeutungen einzelner Karten\" \/>\n<meta name=\"robots\" content=\"index, follow, max-snippet:-1, max-image-preview:large, max-video-preview:-1\" \/>\n<link rel=\"canonical\" href=\"https:\/\/bonnietarot.de\/index.php\/besondere-themenbedeutungen-einzelner-karten\/\" \/>\n<meta property=\"og:locale\" content=\"de_DE\" \/>\n<meta property=\"og:type\" content=\"article\" \/>\n<meta property=\"og:title\" content=\"Besondere Themenbedeutungen einzelner Karten - Bonnie Tarot\" \/>\n<meta property=\"og:description\" content=\"Besondere Themenbedeutungen einzelner Karten\" \/>\n<meta property=\"og:url\" content=\"https:\/\/bonnietarot.de\/index.php\/besondere-themenbedeutungen-einzelner-karten\/\" \/>\n<meta property=\"og:site_name\" content=\"Bonnie Tarot\" \/>\n<meta property=\"article:modified_time\" content=\"2023-01-28T14:39:14+00:00\" \/>\n<meta name=\"twitter:card\" content=\"summary_large_image\" \/>\n<meta name=\"twitter:label1\" content=\"Gesch\u00e4tzte Lesezeit\" \/>\n\t<meta name=\"twitter:data1\" content=\"5\u00a0Minuten\" \/>\n<script type=\"application\/ld+json\" class=\"yoast-schema-graph\">{\"@context\":\"https:\/\/schema.org\",\"@graph\":[{\"@type\":\"WebPage\",\"@id\":\"https:\/\/bonnietarot.de\/index.php\/besondere-themenbedeutungen-einzelner-karten\/\",\"url\":\"https:\/\/bonnietarot.de\/index.php\/besondere-themenbedeutungen-einzelner-karten\/\",\"name\":\"Besondere Themenbedeutungen einzelner Karten - Bonnie Tarot\",\"isPartOf\":{\"@id\":\"https:\/\/bonnietarot.de\/#website\"},\"datePublished\":\"2022-12-13T11:31:06+00:00\",\"dateModified\":\"2023-01-28T14:39:14+00:00\",\"description\":\"Besondere Themenbedeutungen einzelner Karten\",\"breadcrumb\":{\"@id\":\"https:\/\/bonnietarot.de\/index.php\/besondere-themenbedeutungen-einzelner-karten\/#breadcrumb\"},\"inLanguage\":\"de\",\"potentialAction\":[{\"@type\":\"ReadAction\",\"target\":[\"https:\/\/bonnietarot.de\/index.php\/besondere-themenbedeutungen-einzelner-karten\/\"]}]},{\"@type\":\"BreadcrumbList\",\"@id\":\"https:\/\/bonnietarot.de\/index.php\/besondere-themenbedeutungen-einzelner-karten\/#breadcrumb\",\"itemListElement\":[{\"@type\":\"ListItem\",\"position\":1,\"name\":\"Home\",\"item\":\"https:\/\/bonnietarot.de\/\"},{\"@type\":\"ListItem\",\"position\":2,\"name\":\"Besondere Themenbedeutungen einzelner Karten\"}]},{\"@type\":\"WebSite\",\"@id\":\"https:\/\/bonnietarot.de\/#website\",\"url\":\"https:\/\/bonnietarot.de\/\",\"name\":\"Bonnie Tarot\",\"description\":\"Pers\u00f6nliche Tarotkarten Legung online per Video\",\"publisher\":{\"@id\":\"https:\/\/bonnietarot.de\/#\/schema\/person\/e9b5d9fd0de7b15bcb90e9c122cac3a4\"},\"potentialAction\":[{\"@type\":\"SearchAction\",\"target\":{\"@type\":\"EntryPoint\",\"urlTemplate\":\"https:\/\/bonnietarot.de\/?s={search_term_string}\"},\"query-input\":\"required name=search_term_string\"}],\"inLanguage\":\"de\"},{\"@type\":[\"Person\",\"Organization\"],\"@id\":\"https:\/\/bonnietarot.de\/#\/schema\/person\/e9b5d9fd0de7b15bcb90e9c122cac3a4\",\"name\":\"D\u00f6rte Pranzas\",\"image\":{\"@type\":\"ImageObject\",\"inLanguage\":\"de\",\"@id\":\"https:\/\/bonnietarot.de\/#\/schema\/person\/image\/\",\"url\":\"https:\/\/secure.gravatar.com\/avatar\/5f7e6c6ad10d39dd765f9ef69ef311cd7e6ecc30fa0a8a332cac5d510546baa2?s=96&d=mm&r=g\",\"contentUrl\":\"https:\/\/secure.gravatar.com\/avatar\/5f7e6c6ad10d39dd765f9ef69ef311cd7e6ecc30fa0a8a332cac5d510546baa2?s=96&d=mm&r=g\",\"caption\":\"D\u00f6rte Pranzas\"},\"logo\":{\"@id\":\"https:\/\/bonnietarot.de\/#\/schema\/person\/image\/\"},\"sameAs\":[\"http:\/\/bonnietarot.de\"]}]}<\/script>\n<!-- \/ Yoast SEO plugin. -->","yoast_head_json":{"title":"Besondere Themenbedeutungen einzelner Karten - Bonnie Tarot","description":"Besondere Themenbedeutungen einzelner Karten","robots":{"index":"index","follow":"follow","max-snippet":"max-snippet:-1","max-image-preview":"max-image-preview:large","max-video-preview":"max-video-preview:-1"},"canonical":"https:\/\/bonnietarot.de\/index.php\/besondere-themenbedeutungen-einzelner-karten\/","og_locale":"de_DE","og_type":"article","og_title":"Besondere Themenbedeutungen einzelner Karten - Bonnie Tarot","og_description":"Besondere Themenbedeutungen einzelner Karten","og_url":"https:\/\/bonnietarot.de\/index.php\/besondere-themenbedeutungen-einzelner-karten\/","og_site_name":"Bonnie Tarot","article_modified_time":"2023-01-28T14:39:14+00:00","twitter_card":"summary_large_image","twitter_misc":{"Gesch\u00e4tzte Lesezeit":"5\u00a0Minuten"},"schema":{"@context":"https:\/\/schema.org","@graph":[{"@type":"WebPage","@id":"https:\/\/bonnietarot.de\/index.php\/besondere-themenbedeutungen-einzelner-karten\/","url":"https:\/\/bonnietarot.de\/index.php\/besondere-themenbedeutungen-einzelner-karten\/","name":"Besondere Themenbedeutungen einzelner Karten - Bonnie Tarot","isPartOf":{"@id":"https:\/\/bonnietarot.de\/#website"},"datePublished":"2022-12-13T11:31:06+00:00","dateModified":"2023-01-28T14:39:14+00:00","description":"Besondere Themenbedeutungen einzelner Karten","breadcrumb":{"@id":"https:\/\/bonnietarot.de\/index.php\/besondere-themenbedeutungen-einzelner-karten\/#breadcrumb"},"inLanguage":"de","potentialAction":[{"@type":"ReadAction","target":["https:\/\/bonnietarot.de\/index.php\/besondere-themenbedeutungen-einzelner-karten\/"]}]},{"@type":"BreadcrumbList","@id":"https:\/\/bonnietarot.de\/index.php\/besondere-themenbedeutungen-einzelner-karten\/#breadcrumb","itemListElement":[{"@type":"ListItem","position":1,"name":"Home","item":"https:\/\/bonnietarot.de\/"},{"@type":"ListItem","position":2,"name":"Besondere Themenbedeutungen einzelner Karten"}]},{"@type":"WebSite","@id":"https:\/\/bonnietarot.de\/#website","url":"https:\/\/bonnietarot.de\/","name":"Bonnie Tarot","description":"Pers\u00f6nliche Tarotkarten Legung online per Video","publisher":{"@id":"https:\/\/bonnietarot.de\/#\/schema\/person\/e9b5d9fd0de7b15bcb90e9c122cac3a4"},"potentialAction":[{"@type":"SearchAction","target":{"@type":"EntryPoint","urlTemplate":"https:\/\/bonnietarot.de\/?s={search_term_string}"},"query-input":"required name=search_term_string"}],"inLanguage":"de"},{"@type":["Person","Organization"],"@id":"https:\/\/bonnietarot.de\/#\/schema\/person\/e9b5d9fd0de7b15bcb90e9c122cac3a4","name":"D\u00f6rte Pranzas","image":{"@type":"ImageObject","inLanguage":"de","@id":"https:\/\/bonnietarot.de\/#\/schema\/person\/image\/","url":"https:\/\/secure.gravatar.com\/avatar\/5f7e6c6ad10d39dd765f9ef69ef311cd7e6ecc30fa0a8a332cac5d510546baa2?s=96&d=mm&r=g","contentUrl":"https:\/\/secure.gravatar.com\/avatar\/5f7e6c6ad10d39dd765f9ef69ef311cd7e6ecc30fa0a8a332cac5d510546baa2?s=96&d=mm&r=g","caption":"D\u00f6rte Pranzas"},"logo":{"@id":"https:\/\/bonnietarot.de\/#\/schema\/person\/image\/"},"sameAs":["http:\/\/bonnietarot.de"]}]}},"_links":{"self":[{"href":"https:\/\/bonnietarot.de\/index.php\/wp-json\/wp\/v2\/pages\/573","targetHints":{"allow":["GET"]}}],"collection":[{"href":"https:\/\/bonnietarot.de\/index.php\/wp-json\/wp\/v2\/pages"}],"about":[{"href":"https:\/\/bonnietarot.de\/index.php\/wp-json\/wp\/v2\/types\/page"}],"author":[{"embeddable":true,"href":"https:\/\/bonnietarot.de\/index.php\/wp-json\/wp\/v2\/users\/1"}],"replies":[{"embeddable":true,"href":"https:\/\/bonnietarot.de\/index.php\/wp-json\/wp\/v2\/comments?post=573"}],"version-history":[{"count":3,"href":"https:\/\/bonnietarot.de\/index.php\/wp-json\/wp\/v2\/pages\/573\/revisions"}],"predecessor-version":[{"id":796,"href":"https:\/\/bonnietarot.de\/index.php\/wp-json\/wp\/v2\/pages\/573\/revisions\/796"}],"wp:attachment":[{"href":"https:\/\/bonnietarot.de\/index.php\/wp-json\/wp\/v2\/media?parent=573"}],"curies":[{"name":"wp","href":"https:\/\/api.w.org\/{rel}","templated":true}]}}