{"id":566,"date":"2022-12-13T12:17:34","date_gmt":"2022-12-13T11:17:34","guid":{"rendered":"http:\/\/bonnietarot.de\/?page_id=566"},"modified":"2023-01-28T15:43:11","modified_gmt":"2023-01-28T14:43:11","slug":"legesysteme-und-fur-welche-themen-sie-geeignet-sind","status":"publish","type":"page","link":"https:\/\/bonnietarot.de\/index.php\/legesysteme-und-fur-welche-themen-sie-geeignet-sind\/","title":{"rendered":"Legesysteme und f\u00fcr welche Themen sie geeignet sind"},"content":{"rendered":"\n<p>Das <em>Beziehungsspiel<\/em> ist eine Legungsart mit 7 Karten. Der Signifikator sagt etwas \u00fcber die Beziehung allgemein oder auch deren Bedeutung im Leben des Fragestellers. Weitere 3 Karten stehen daf\u00fcr, was der Fragesteller in Bezug auf die Beziehung denkt, f\u00fchlt und wie er sich dem Partner gegen\u00fcber verh\u00e4lt. 3 andere Karten treffen diegleichen Aussagen \u00fcber den Partner dem Fragenden gegen\u00fcber. Das Beziehungsspiel eignet sich f\u00fcr jede Beziehung, die wichtig ist, nat\u00fcrlich f\u00fcr die Liebesbeziehung, aber auch f\u00fcr Elternteil \u2013 Kind, Vorgesetzter \u2013 Mitarbeiter usw.<\/p>\n\n\n\n<p>Das <em>Keltische Kreuz<\/em> zeigt das Grundthema durch 2 sich kreuzende Karten, wichtige Einfl\u00fcsse darauf, die Vergangenheit und einige Aspekte um das Thema herum, dazu 2 Zukunftskarten. Es eignet sich hervorragend sowohl f\u00fcr Liebesthemen als auch f\u00fcr berufliche, gesundheitliche und allgemeine Fragen. Ich benutze das keltische Kreuz gerne, um das wichtigste Thema herauszufinden.<\/p>\n\n\n\n<p>Das<em> Entscheidungsspiel<\/em> ist die bevorzugte Legung, wenn man sich fragt, wie es weitergeht, wenn man sich f\u00fcr A entscheidet oder auch f\u00fcr B, z.B. wenn man \u00fcberlegt, ob man heiratet, zusammenzieht, sich trennt oder ein Kind bekommen m\u00f6chte. Oder man fragt, ob man sich f\u00fcr Beruf A entscheidet oder nicht. Dieses Legesystem ist sehr aussagekr\u00e4ftig, zumal mehrere Karten hier eine voraussagende Wirkung haben. Taucht die Karte \u201eDie Liebenden\u201c auf, hat man sich schon f\u00fcr diesen Weg entschieden. Dasselbe gilt f\u00fcr die Karte \u201eRad des Schicksals\u201c, nur hat dort das Universum bereits f\u00fcr einen entschieden. Taucht die Karte \u201eDie Welt\u201c auf, sollte man sich daf\u00fcr entscheiden, denn das ist der richtige Weg. Dasselbe gilt f\u00fcr die Karte \u201eDas Gericht\u201c. Man sollte sich vor der Legung entscheiden, wof\u00fcr der aufsteigende Ast stehen soll und wof\u00fcr der absteigende \u2013 aber man kann es auch genausogut offen lassen und versuchen, aus den gefallenen Karten zu deuten, welcher Ast f\u00fcr welche M\u00f6glichkeit steht.<\/p>\n\n\n\n<p>Der <em>Weg<\/em> ist eine Legungsart, die man w\u00e4hlen kann, wenn man nicht weiss, ob man sich in einer bestimmten Angelegenheit, auch in einer Beziehung, bestm\u00f6glich verh\u00e4lt und was man an seinem Auftreten, seinem Denken und seinen Gef\u00fchlen \u00e4ndern k\u00f6nnte. &#8220;Der Weg&#8221; sagt etwas dar\u00fcber aus, wie man im Moment denkt, sich f\u00fchlt und sich verh\u00e4lt und wie man es anders machen k\u00f6nnte auf allen drei Ebenen (als Vorschlag aus dem Universum oder der geistigen Welt oder deiner unterst\u00fctzenden Kr\u00e4fte dort). Zus\u00e4tzlich wird als erste Karte ein Signifikator gezogen, der das Grundthema der Fragestellung verdeutlicht.<\/p>\n\n\n\n<p>Das <em>Kreuz<\/em> ist ein Legesystem mit nur 4 Karten mit den Bedeutungen: Darum geht es, das solltest du nicht tun, das solltest du tun und dahin f\u00fchrt es. Ein allgemeines System, bestens geeignet, z.B. f\u00fcr ein gesundheitliches Problem.<\/p>\n\n\n\n<p>Die <em>Pyramide<\/em> (7 Karten) ist ein von mir entwickeltes Kartenlegesystem zur Selbsterfahrung.<\/p>\n\n\n\n<p>erste Reihe, eine Karte: <em>Das bin ich<\/em><\/p>\n\n\n\n<p>zweite Reihe, 2 Karten: <em>Das hat mir meine Mutter \/ das hat mir mein Vater mitgegeben<\/em><\/p>\n\n\n\n<p>dritte Reihe, 4 Karten: <em>Das habe ich von meinen Grosseltern.<\/em><\/p>\n\n\n\n<p>Dieses Legesystem basiert auf der heiligen Geometrie und der fraktalen Abstammung des Menschen. Jeder bringt etwas Einzigartiges auf diese Welt. Dieses Besondere zu leben ist das Ziel und auch genau der Punkt, wo man sein Gl\u00fcck findet. Das ist auch in den Karten <em>Welt<\/em> und <em>Gericht<\/em> gut ausgedr\u00fcckt. Dabei bekommt man von seinen Ahnen jeweils ein besonderes Geschenk. Die Karte, die da beispielsweise f\u00fcr deinen Grossvater v\u00e4terlicherseits liegt, muss nicht den Menschen bestm\u00f6glich beschreiben, sondern sie sagt etwas dar\u00fcber aus, welche seiner Eigenschaften er dir weitergegeben hat. Das Tarot hat zwar 78 Karten, aber das bedeutet nicht, dass es genau 78 Typen gibt. Die Kombinationsm\u00f6glichkeiten dieser ersten 3 Ebenen sind schon sehr viele, nimmt man noch weitere Ahnenebenen dazu (Urgrosseltern, Ururgrosseltern) wird klar, dass die Kombinationen gegen unendlich gehen und jeder ein Individuum ist. Jeder bringt das mit, was ihm seine Ahnen mitgegeben haben und etwas eigenes.<\/p>\n","protected":false},"excerpt":{"rendered":"<p>Das Beziehungsspiel ist eine Legungsart mit 7 Karten. Der Signifikator sagt etwas \u00fcber die Beziehung allgemein oder auch deren Bedeutung im Leben des Fragestellers. Weitere 3 Karten stehen daf\u00fcr, was der Fragesteller in Bezug auf die Beziehung denkt, f\u00fchlt und wie er sich dem Partner gegen\u00fcber verh\u00e4lt. 3 andere Karten treffen diegleichen Aussagen \u00fcber den Partner dem Fragenden gegen\u00fcber. Das Beziehungsspiel eignet sich f\u00fcr jede Beziehung, die wichtig ist, nat\u00fcrlich f\u00fcr die Liebesbeziehung, aber auch f\u00fcr Elternteil \u2013 Kind, Vorgesetzter \u2013 Mitarbeiter usw. Das Keltische Kreuz zeigt das Grundthema durch 2 sich kreuzende Karten, wichtige Einfl\u00fcsse darauf, die Vergangenheit und<\/p>\n","protected":false},"author":1,"featured_media":0,"parent":0,"menu_order":0,"comment_status":"closed","ping_status":"closed","template":"","meta":{"_eb_attr":"","footnotes":""},"class_list":["post-566","page","type-page","status-publish","hentry"],"yoast_head":"<!-- This site is optimized with the Yoast SEO plugin v20.0 - https:\/\/yoast.com\/wordpress\/plugins\/seo\/ -->\n<title>Legesysteme und f\u00fcr welche Themen sie geeignet sind - Bonnie Tarot<\/title>\n<meta name=\"description\" content=\"Tarot Legesysteme und f\u00fcr welche Themen sie geeignet sind\" \/>\n<meta name=\"robots\" content=\"index, follow, max-snippet:-1, max-image-preview:large, max-video-preview:-1\" \/>\n<link rel=\"canonical\" href=\"https:\/\/bonnietarot.de\/index.php\/legesysteme-und-fur-welche-themen-sie-geeignet-sind\/\" \/>\n<meta property=\"og:locale\" content=\"de_DE\" \/>\n<meta property=\"og:type\" content=\"article\" \/>\n<meta property=\"og:title\" content=\"Legesysteme und f\u00fcr welche Themen sie geeignet sind - Bonnie Tarot\" \/>\n<meta property=\"og:description\" content=\"Tarot Legesysteme und f\u00fcr welche Themen sie geeignet sind\" \/>\n<meta property=\"og:url\" content=\"https:\/\/bonnietarot.de\/index.php\/legesysteme-und-fur-welche-themen-sie-geeignet-sind\/\" \/>\n<meta property=\"og:site_name\" content=\"Bonnie Tarot\" \/>\n<meta property=\"article:modified_time\" content=\"2023-01-28T14:43:11+00:00\" \/>\n<meta name=\"twitter:card\" content=\"summary_large_image\" \/>\n<meta name=\"twitter:label1\" content=\"Gesch\u00e4tzte Lesezeit\" \/>\n\t<meta name=\"twitter:data1\" content=\"4\u00a0Minuten\" \/>\n<script type=\"application\/ld+json\" class=\"yoast-schema-graph\">{\"@context\":\"https:\/\/schema.org\",\"@graph\":[{\"@type\":\"WebPage\",\"@id\":\"https:\/\/bonnietarot.de\/index.php\/legesysteme-und-fur-welche-themen-sie-geeignet-sind\/\",\"url\":\"https:\/\/bonnietarot.de\/index.php\/legesysteme-und-fur-welche-themen-sie-geeignet-sind\/\",\"name\":\"Legesysteme und f\u00fcr welche Themen sie geeignet sind - Bonnie Tarot\",\"isPartOf\":{\"@id\":\"https:\/\/bonnietarot.de\/#website\"},\"datePublished\":\"2022-12-13T11:17:34+00:00\",\"dateModified\":\"2023-01-28T14:43:11+00:00\",\"description\":\"Tarot Legesysteme und f\u00fcr welche Themen sie geeignet sind\",\"breadcrumb\":{\"@id\":\"https:\/\/bonnietarot.de\/index.php\/legesysteme-und-fur-welche-themen-sie-geeignet-sind\/#breadcrumb\"},\"inLanguage\":\"de\",\"potentialAction\":[{\"@type\":\"ReadAction\",\"target\":[\"https:\/\/bonnietarot.de\/index.php\/legesysteme-und-fur-welche-themen-sie-geeignet-sind\/\"]}]},{\"@type\":\"BreadcrumbList\",\"@id\":\"https:\/\/bonnietarot.de\/index.php\/legesysteme-und-fur-welche-themen-sie-geeignet-sind\/#breadcrumb\",\"itemListElement\":[{\"@type\":\"ListItem\",\"position\":1,\"name\":\"Home\",\"item\":\"https:\/\/bonnietarot.de\/\"},{\"@type\":\"ListItem\",\"position\":2,\"name\":\"Legesysteme und f\u00fcr welche Themen sie geeignet sind\"}]},{\"@type\":\"WebSite\",\"@id\":\"https:\/\/bonnietarot.de\/#website\",\"url\":\"https:\/\/bonnietarot.de\/\",\"name\":\"Bonnie Tarot\",\"description\":\"Pers\u00f6nliche Tarotkarten Legung online per Video\",\"publisher\":{\"@id\":\"https:\/\/bonnietarot.de\/#\/schema\/person\/e9b5d9fd0de7b15bcb90e9c122cac3a4\"},\"potentialAction\":[{\"@type\":\"SearchAction\",\"target\":{\"@type\":\"EntryPoint\",\"urlTemplate\":\"https:\/\/bonnietarot.de\/?s={search_term_string}\"},\"query-input\":\"required name=search_term_string\"}],\"inLanguage\":\"de\"},{\"@type\":[\"Person\",\"Organization\"],\"@id\":\"https:\/\/bonnietarot.de\/#\/schema\/person\/e9b5d9fd0de7b15bcb90e9c122cac3a4\",\"name\":\"D\u00f6rte Pranzas\",\"image\":{\"@type\":\"ImageObject\",\"inLanguage\":\"de\",\"@id\":\"https:\/\/bonnietarot.de\/#\/schema\/person\/image\/\",\"url\":\"https:\/\/secure.gravatar.com\/avatar\/5f7e6c6ad10d39dd765f9ef69ef311cd7e6ecc30fa0a8a332cac5d510546baa2?s=96&d=mm&r=g\",\"contentUrl\":\"https:\/\/secure.gravatar.com\/avatar\/5f7e6c6ad10d39dd765f9ef69ef311cd7e6ecc30fa0a8a332cac5d510546baa2?s=96&d=mm&r=g\",\"caption\":\"D\u00f6rte Pranzas\"},\"logo\":{\"@id\":\"https:\/\/bonnietarot.de\/#\/schema\/person\/image\/\"},\"sameAs\":[\"http:\/\/bonnietarot.de\"]}]}<\/script>\n<!-- \/ Yoast SEO plugin. -->","yoast_head_json":{"title":"Legesysteme und f\u00fcr welche Themen sie geeignet sind - Bonnie Tarot","description":"Tarot Legesysteme und f\u00fcr welche Themen sie geeignet sind","robots":{"index":"index","follow":"follow","max-snippet":"max-snippet:-1","max-image-preview":"max-image-preview:large","max-video-preview":"max-video-preview:-1"},"canonical":"https:\/\/bonnietarot.de\/index.php\/legesysteme-und-fur-welche-themen-sie-geeignet-sind\/","og_locale":"de_DE","og_type":"article","og_title":"Legesysteme und f\u00fcr welche Themen sie geeignet sind - Bonnie Tarot","og_description":"Tarot Legesysteme und f\u00fcr welche Themen sie geeignet sind","og_url":"https:\/\/bonnietarot.de\/index.php\/legesysteme-und-fur-welche-themen-sie-geeignet-sind\/","og_site_name":"Bonnie Tarot","article_modified_time":"2023-01-28T14:43:11+00:00","twitter_card":"summary_large_image","twitter_misc":{"Gesch\u00e4tzte Lesezeit":"4\u00a0Minuten"},"schema":{"@context":"https:\/\/schema.org","@graph":[{"@type":"WebPage","@id":"https:\/\/bonnietarot.de\/index.php\/legesysteme-und-fur-welche-themen-sie-geeignet-sind\/","url":"https:\/\/bonnietarot.de\/index.php\/legesysteme-und-fur-welche-themen-sie-geeignet-sind\/","name":"Legesysteme und f\u00fcr welche Themen sie geeignet sind - Bonnie Tarot","isPartOf":{"@id":"https:\/\/bonnietarot.de\/#website"},"datePublished":"2022-12-13T11:17:34+00:00","dateModified":"2023-01-28T14:43:11+00:00","description":"Tarot Legesysteme und f\u00fcr welche Themen sie geeignet sind","breadcrumb":{"@id":"https:\/\/bonnietarot.de\/index.php\/legesysteme-und-fur-welche-themen-sie-geeignet-sind\/#breadcrumb"},"inLanguage":"de","potentialAction":[{"@type":"ReadAction","target":["https:\/\/bonnietarot.de\/index.php\/legesysteme-und-fur-welche-themen-sie-geeignet-sind\/"]}]},{"@type":"BreadcrumbList","@id":"https:\/\/bonnietarot.de\/index.php\/legesysteme-und-fur-welche-themen-sie-geeignet-sind\/#breadcrumb","itemListElement":[{"@type":"ListItem","position":1,"name":"Home","item":"https:\/\/bonnietarot.de\/"},{"@type":"ListItem","position":2,"name":"Legesysteme und f\u00fcr welche Themen sie geeignet sind"}]},{"@type":"WebSite","@id":"https:\/\/bonnietarot.de\/#website","url":"https:\/\/bonnietarot.de\/","name":"Bonnie Tarot","description":"Pers\u00f6nliche Tarotkarten Legung online per Video","publisher":{"@id":"https:\/\/bonnietarot.de\/#\/schema\/person\/e9b5d9fd0de7b15bcb90e9c122cac3a4"},"potentialAction":[{"@type":"SearchAction","target":{"@type":"EntryPoint","urlTemplate":"https:\/\/bonnietarot.de\/?s={search_term_string}"},"query-input":"required name=search_term_string"}],"inLanguage":"de"},{"@type":["Person","Organization"],"@id":"https:\/\/bonnietarot.de\/#\/schema\/person\/e9b5d9fd0de7b15bcb90e9c122cac3a4","name":"D\u00f6rte Pranzas","image":{"@type":"ImageObject","inLanguage":"de","@id":"https:\/\/bonnietarot.de\/#\/schema\/person\/image\/","url":"https:\/\/secure.gravatar.com\/avatar\/5f7e6c6ad10d39dd765f9ef69ef311cd7e6ecc30fa0a8a332cac5d510546baa2?s=96&d=mm&r=g","contentUrl":"https:\/\/secure.gravatar.com\/avatar\/5f7e6c6ad10d39dd765f9ef69ef311cd7e6ecc30fa0a8a332cac5d510546baa2?s=96&d=mm&r=g","caption":"D\u00f6rte Pranzas"},"logo":{"@id":"https:\/\/bonnietarot.de\/#\/schema\/person\/image\/"},"sameAs":["http:\/\/bonnietarot.de"]}]}},"_links":{"self":[{"href":"https:\/\/bonnietarot.de\/index.php\/wp-json\/wp\/v2\/pages\/566","targetHints":{"allow":["GET"]}}],"collection":[{"href":"https:\/\/bonnietarot.de\/index.php\/wp-json\/wp\/v2\/pages"}],"about":[{"href":"https:\/\/bonnietarot.de\/index.php\/wp-json\/wp\/v2\/types\/page"}],"author":[{"embeddable":true,"href":"https:\/\/bonnietarot.de\/index.php\/wp-json\/wp\/v2\/users\/1"}],"replies":[{"embeddable":true,"href":"https:\/\/bonnietarot.de\/index.php\/wp-json\/wp\/v2\/comments?post=566"}],"version-history":[{"count":2,"href":"https:\/\/bonnietarot.de\/index.php\/wp-json\/wp\/v2\/pages\/566\/revisions"}],"predecessor-version":[{"id":785,"href":"https:\/\/bonnietarot.de\/index.php\/wp-json\/wp\/v2\/pages\/566\/revisions\/785"}],"wp:attachment":[{"href":"https:\/\/bonnietarot.de\/index.php\/wp-json\/wp\/v2\/media?parent=566"}],"curies":[{"name":"wp","href":"https:\/\/api.w.org\/{rel}","templated":true}]}}