{"id":127,"date":"2022-12-07T12:48:35","date_gmt":"2022-12-07T12:48:35","guid":{"rendered":"http:\/\/localhost\/bonnietarotWP\/?page_id=127"},"modified":"2023-01-15T18:05:48","modified_gmt":"2023-01-15T17:05:48","slug":"ablauf","status":"publish","type":"page","link":"https:\/\/bonnietarot.de\/index.php\/ablauf\/","title":{"rendered":"Wie l\u00e4uft eine Tarot-Legung ab?"},"content":{"rendered":"\n<p>Ich lege die Karten via Skype, Teams, Zoom, Whatsapp Videocall oder Telegram Videocall. <\/p>\n\n\n\n<p>Die Kamera ist so gestellt, dass du genau verfolgen kannst, welche Karten gelegt werden. Dazu h\u00f6rst du meine Stimme und siehst meine H\u00e4nde. <\/p>\n\n\n\n<p>W\u00e4hrend ich mische, ist es deine Aufgabe, \u201estop\u201c zu sagen. Dann h\u00f6re ich auf, zu mischen und verwende die ersten 10 oder 7 Karten (je nach Legesystem) f\u00fcr die erste Legung.<\/p>\n\n\n\n<p>Wenn es nicht anders vereinbart wird, w\u00fcrde ich gern das keltische Kreuz legen (das bekannteste und universelle Legesystem des Tarot), um mir das im Moment vorherrschende Thema anzugucken. Ich werde nach der Deutung einiger Karten um ein Feedback bitten, damit ich nicht weiter im Tr\u00fcben fische. Mit einer genaueren R\u00fcckkopplung, welcher Bereich deines aktuellen Lebens hier abgebildet wird, ist es viel leichter, die \u00fcbrigen Karten zu deuten. Das kann, muss aber nicht, mit deinem vordringlichsten Thema im Moment zusammenfallen. Meistens ist es aber schon so. (siehe dazu auch das auf dieser Webseite eingestellte Video von der Tarotlegung) Wenn deine vordringliche Frage mit dieser ersten Legung noch nicht ausreichend behandelt wurde, k\u00f6nnen wir gerne eine weitere Legung anschliessen. <\/p>\n\n\n\n<p><strong>Die Tarotkarten-Sitzung ist limitiert auf entweder 2 Legungen oder eine Dreiviertelstunde. Nach meiner Erfahrung l\u00e4sst dann die Qualit\u00e4t der Aussagen rapide nach.<\/strong><\/p>\n","protected":false},"excerpt":{"rendered":"<p>Ich lege die Karten via Skype, Teams, Zoom, Whatsapp Videocall oder Telegram Videocall. Die Kamera ist so gestellt, dass du genau verfolgen kannst, welche Karten gelegt werden. Dazu h\u00f6rst du meine Stimme und siehst meine H\u00e4nde. W\u00e4hrend ich mische, ist es deine Aufgabe, \u201estop\u201c zu sagen. Dann h\u00f6re ich auf, zu mischen und verwende die ersten 10 oder 7 Karten (je nach Legesystem) f\u00fcr die erste Legung. Wenn es nicht anders vereinbart wird, w\u00fcrde ich gern das keltische Kreuz legen (das bekannteste und universelle Legesystem des Tarot), um mir das im Moment vorherrschende Thema anzugucken. Ich werde nach der Deutung<\/p>\n","protected":false},"author":1,"featured_media":0,"parent":0,"menu_order":0,"comment_status":"closed","ping_status":"closed","template":"","meta":{"_eb_attr":"","footnotes":""},"class_list":["post-127","page","type-page","status-publish","hentry"],"yoast_head":"<!-- This site is optimized with the Yoast SEO plugin v20.0 - https:\/\/yoast.com\/wordpress\/plugins\/seo\/ -->\n<title>Wie l\u00e4uft eine Tarot-Legung ab? - Bonnie Tarot<\/title>\n<meta name=\"robots\" content=\"index, follow, max-snippet:-1, max-image-preview:large, max-video-preview:-1\" \/>\n<link rel=\"canonical\" href=\"https:\/\/bonnietarot.de\/index.php\/ablauf\/\" \/>\n<meta property=\"og:locale\" content=\"de_DE\" \/>\n<meta property=\"og:type\" content=\"article\" \/>\n<meta property=\"og:title\" content=\"Wie l\u00e4uft eine Tarot-Legung ab? - Bonnie Tarot\" \/>\n<meta property=\"og:description\" content=\"Ich lege die Karten via Skype, Teams, Zoom, Whatsapp Videocall oder Telegram Videocall. Die Kamera ist so gestellt, dass du genau verfolgen kannst, welche Karten gelegt werden. Dazu h\u00f6rst du meine Stimme und siehst meine H\u00e4nde. W\u00e4hrend ich mische, ist es deine Aufgabe, \u201estop\u201c zu sagen. Dann h\u00f6re ich auf, zu mischen und verwende die ersten 10 oder 7 Karten (je nach Legesystem) f\u00fcr die erste Legung. Wenn es nicht anders vereinbart wird, w\u00fcrde ich gern das keltische Kreuz legen (das bekannteste und universelle Legesystem des Tarot), um mir das im Moment vorherrschende Thema anzugucken. Ich werde nach der Deutung\" \/>\n<meta property=\"og:url\" content=\"https:\/\/bonnietarot.de\/index.php\/ablauf\/\" \/>\n<meta property=\"og:site_name\" content=\"Bonnie Tarot\" \/>\n<meta property=\"article:modified_time\" content=\"2023-01-15T17:05:48+00:00\" \/>\n<meta name=\"twitter:card\" content=\"summary_large_image\" \/>\n<meta name=\"twitter:label1\" content=\"Gesch\u00e4tzte Lesezeit\" \/>\n\t<meta name=\"twitter:data1\" content=\"1\u00a0Minute\" \/>\n<script type=\"application\/ld+json\" class=\"yoast-schema-graph\">{\"@context\":\"https:\/\/schema.org\",\"@graph\":[{\"@type\":\"WebPage\",\"@id\":\"https:\/\/bonnietarot.de\/index.php\/ablauf\/\",\"url\":\"https:\/\/bonnietarot.de\/index.php\/ablauf\/\",\"name\":\"Wie l\u00e4uft eine Tarot-Legung ab? - Bonnie Tarot\",\"isPartOf\":{\"@id\":\"https:\/\/bonnietarot.de\/#website\"},\"datePublished\":\"2022-12-07T12:48:35+00:00\",\"dateModified\":\"2023-01-15T17:05:48+00:00\",\"breadcrumb\":{\"@id\":\"https:\/\/bonnietarot.de\/index.php\/ablauf\/#breadcrumb\"},\"inLanguage\":\"de\",\"potentialAction\":[{\"@type\":\"ReadAction\",\"target\":[\"https:\/\/bonnietarot.de\/index.php\/ablauf\/\"]}]},{\"@type\":\"BreadcrumbList\",\"@id\":\"https:\/\/bonnietarot.de\/index.php\/ablauf\/#breadcrumb\",\"itemListElement\":[{\"@type\":\"ListItem\",\"position\":1,\"name\":\"Home\",\"item\":\"https:\/\/bonnietarot.de\/\"},{\"@type\":\"ListItem\",\"position\":2,\"name\":\"Wie l\u00e4uft eine Tarot-Legung ab?\"}]},{\"@type\":\"WebSite\",\"@id\":\"https:\/\/bonnietarot.de\/#website\",\"url\":\"https:\/\/bonnietarot.de\/\",\"name\":\"Bonnie Tarot\",\"description\":\"Pers\u00f6nliche Tarotkarten Legung online per Video\",\"publisher\":{\"@id\":\"https:\/\/bonnietarot.de\/#\/schema\/person\/e9b5d9fd0de7b15bcb90e9c122cac3a4\"},\"potentialAction\":[{\"@type\":\"SearchAction\",\"target\":{\"@type\":\"EntryPoint\",\"urlTemplate\":\"https:\/\/bonnietarot.de\/?s={search_term_string}\"},\"query-input\":\"required name=search_term_string\"}],\"inLanguage\":\"de\"},{\"@type\":[\"Person\",\"Organization\"],\"@id\":\"https:\/\/bonnietarot.de\/#\/schema\/person\/e9b5d9fd0de7b15bcb90e9c122cac3a4\",\"name\":\"D\u00f6rte Pranzas\",\"image\":{\"@type\":\"ImageObject\",\"inLanguage\":\"de\",\"@id\":\"https:\/\/bonnietarot.de\/#\/schema\/person\/image\/\",\"url\":\"https:\/\/secure.gravatar.com\/avatar\/5f7e6c6ad10d39dd765f9ef69ef311cd7e6ecc30fa0a8a332cac5d510546baa2?s=96&d=mm&r=g\",\"contentUrl\":\"https:\/\/secure.gravatar.com\/avatar\/5f7e6c6ad10d39dd765f9ef69ef311cd7e6ecc30fa0a8a332cac5d510546baa2?s=96&d=mm&r=g\",\"caption\":\"D\u00f6rte Pranzas\"},\"logo\":{\"@id\":\"https:\/\/bonnietarot.de\/#\/schema\/person\/image\/\"},\"sameAs\":[\"http:\/\/bonnietarot.de\"]}]}<\/script>\n<!-- \/ Yoast SEO plugin. -->","yoast_head_json":{"title":"Wie l\u00e4uft eine Tarot-Legung ab? - Bonnie Tarot","robots":{"index":"index","follow":"follow","max-snippet":"max-snippet:-1","max-image-preview":"max-image-preview:large","max-video-preview":"max-video-preview:-1"},"canonical":"https:\/\/bonnietarot.de\/index.php\/ablauf\/","og_locale":"de_DE","og_type":"article","og_title":"Wie l\u00e4uft eine Tarot-Legung ab? - Bonnie Tarot","og_description":"Ich lege die Karten via Skype, Teams, Zoom, Whatsapp Videocall oder Telegram Videocall. Die Kamera ist so gestellt, dass du genau verfolgen kannst, welche Karten gelegt werden. Dazu h\u00f6rst du meine Stimme und siehst meine H\u00e4nde. W\u00e4hrend ich mische, ist es deine Aufgabe, \u201estop\u201c zu sagen. Dann h\u00f6re ich auf, zu mischen und verwende die ersten 10 oder 7 Karten (je nach Legesystem) f\u00fcr die erste Legung. Wenn es nicht anders vereinbart wird, w\u00fcrde ich gern das keltische Kreuz legen (das bekannteste und universelle Legesystem des Tarot), um mir das im Moment vorherrschende Thema anzugucken. Ich werde nach der Deutung","og_url":"https:\/\/bonnietarot.de\/index.php\/ablauf\/","og_site_name":"Bonnie Tarot","article_modified_time":"2023-01-15T17:05:48+00:00","twitter_card":"summary_large_image","twitter_misc":{"Gesch\u00e4tzte Lesezeit":"1\u00a0Minute"},"schema":{"@context":"https:\/\/schema.org","@graph":[{"@type":"WebPage","@id":"https:\/\/bonnietarot.de\/index.php\/ablauf\/","url":"https:\/\/bonnietarot.de\/index.php\/ablauf\/","name":"Wie l\u00e4uft eine Tarot-Legung ab? - Bonnie Tarot","isPartOf":{"@id":"https:\/\/bonnietarot.de\/#website"},"datePublished":"2022-12-07T12:48:35+00:00","dateModified":"2023-01-15T17:05:48+00:00","breadcrumb":{"@id":"https:\/\/bonnietarot.de\/index.php\/ablauf\/#breadcrumb"},"inLanguage":"de","potentialAction":[{"@type":"ReadAction","target":["https:\/\/bonnietarot.de\/index.php\/ablauf\/"]}]},{"@type":"BreadcrumbList","@id":"https:\/\/bonnietarot.de\/index.php\/ablauf\/#breadcrumb","itemListElement":[{"@type":"ListItem","position":1,"name":"Home","item":"https:\/\/bonnietarot.de\/"},{"@type":"ListItem","position":2,"name":"Wie l\u00e4uft eine Tarot-Legung ab?"}]},{"@type":"WebSite","@id":"https:\/\/bonnietarot.de\/#website","url":"https:\/\/bonnietarot.de\/","name":"Bonnie Tarot","description":"Pers\u00f6nliche Tarotkarten Legung online per Video","publisher":{"@id":"https:\/\/bonnietarot.de\/#\/schema\/person\/e9b5d9fd0de7b15bcb90e9c122cac3a4"},"potentialAction":[{"@type":"SearchAction","target":{"@type":"EntryPoint","urlTemplate":"https:\/\/bonnietarot.de\/?s={search_term_string}"},"query-input":"required name=search_term_string"}],"inLanguage":"de"},{"@type":["Person","Organization"],"@id":"https:\/\/bonnietarot.de\/#\/schema\/person\/e9b5d9fd0de7b15bcb90e9c122cac3a4","name":"D\u00f6rte Pranzas","image":{"@type":"ImageObject","inLanguage":"de","@id":"https:\/\/bonnietarot.de\/#\/schema\/person\/image\/","url":"https:\/\/secure.gravatar.com\/avatar\/5f7e6c6ad10d39dd765f9ef69ef311cd7e6ecc30fa0a8a332cac5d510546baa2?s=96&d=mm&r=g","contentUrl":"https:\/\/secure.gravatar.com\/avatar\/5f7e6c6ad10d39dd765f9ef69ef311cd7e6ecc30fa0a8a332cac5d510546baa2?s=96&d=mm&r=g","caption":"D\u00f6rte Pranzas"},"logo":{"@id":"https:\/\/bonnietarot.de\/#\/schema\/person\/image\/"},"sameAs":["http:\/\/bonnietarot.de"]}]}},"_links":{"self":[{"href":"https:\/\/bonnietarot.de\/index.php\/wp-json\/wp\/v2\/pages\/127","targetHints":{"allow":["GET"]}}],"collection":[{"href":"https:\/\/bonnietarot.de\/index.php\/wp-json\/wp\/v2\/pages"}],"about":[{"href":"https:\/\/bonnietarot.de\/index.php\/wp-json\/wp\/v2\/types\/page"}],"author":[{"embeddable":true,"href":"https:\/\/bonnietarot.de\/index.php\/wp-json\/wp\/v2\/users\/1"}],"replies":[{"embeddable":true,"href":"https:\/\/bonnietarot.de\/index.php\/wp-json\/wp\/v2\/comments?post=127"}],"version-history":[{"count":10,"href":"https:\/\/bonnietarot.de\/index.php\/wp-json\/wp\/v2\/pages\/127\/revisions"}],"predecessor-version":[{"id":783,"href":"https:\/\/bonnietarot.de\/index.php\/wp-json\/wp\/v2\/pages\/127\/revisions\/783"}],"wp:attachment":[{"href":"https:\/\/bonnietarot.de\/index.php\/wp-json\/wp\/v2\/media?parent=127"}],"curies":[{"name":"wp","href":"https:\/\/api.w.org\/{rel}","templated":true}]}}