{"id":125,"date":"2022-12-07T12:47:34","date_gmt":"2022-12-07T12:47:34","guid":{"rendered":"http:\/\/localhost\/bonnietarotWP\/?page_id=125"},"modified":"2023-01-28T15:44:24","modified_gmt":"2023-01-28T14:44:24","slug":"buchen","status":"publish","type":"page","link":"https:\/\/bonnietarot.de\/index.php\/buchen\/","title":{"rendered":"Tarot Legung buchen"},"content":{"rendered":"\n<p>Falls du Fragen im Vorfeld hast, kannst du mir jederzeit eine Mail schreiben. Falls du pers\u00f6nlich mit mir am Telefon vorab kostenlos sprechen m\u00f6chtest, k\u00f6nnen wir per Mail einen Termin daf\u00fcr vereinbaren. Es ist mir sehr willkommen, mit dir zu mailen oder zu telefonieren oder zu chatten, bevor du das Geld schickst ! Aber du kannst nat\u00fcrlich auch ganz einfach mit der Honorarzahlung starten. <\/p>\n\n\n\n<p>Wenn du dich entschieden hast, eine Tarot-Legung zu buchen, solltest du das <strong>Honorar in H\u00f6he von 30 Euro<\/strong> \u00fcber einen der beiden Zahlungswege \u00fcberweisen:<\/p>\n\n\n\n<ol class=\"wp-block-list\" type=\"1\">\n<li>Per Bank\u00fcberweisung <br><strong>IBAN: <\/strong>DE 11 2555 1480 0313 3527 75<strong><br>BIC: <\/strong>NOLADE21SHG<br><strong>Verwendungszweck<\/strong>: Deine Emailadresse<strong><br><\/strong><br><\/li>\n\n\n\n<li>Via PayPal auf das Konto <a href=\"mailto:bonnie@bonnietarot.de\">bonnie@bonnietarot.de<\/a><\/li>\n<\/ol>\n\n\n\n<p>Dabei solltest du <strong>unbedingt<\/strong> deine Emailadresse in dem Feld \u201eVerwendungszweck\u201c eintragen, damit ich die Zahlung zuordnen kann. Ich melde mich dann zeitnah \u00fcber die Emailadresse und wir vereinbaren einen Termin und eine Plattform, \u00fcber die wir uns unterhalten. Das kann Skype, Teams, Zoom, Telegram oder Whatsapp Videocall sein, wobei die Plattformen unterschiedlich gut funktionieren.<\/p>\n","protected":false},"excerpt":{"rendered":"<p>Falls du Fragen im Vorfeld hast, kannst du mir jederzeit eine Mail schreiben. Falls du pers\u00f6nlich mit mir am Telefon vorab kostenlos sprechen m\u00f6chtest, k\u00f6nnen wir per Mail einen Termin daf\u00fcr vereinbaren. Es ist mir sehr willkommen, mit dir zu mailen oder zu telefonieren oder zu chatten, bevor du das Geld schickst ! Aber du kannst nat\u00fcrlich auch ganz einfach mit der Honorarzahlung starten. Wenn du dich entschieden hast, eine Tarot-Legung zu buchen, solltest du das Honorar in H\u00f6he von 30 Euro \u00fcber einen der beiden Zahlungswege \u00fcberweisen: Dabei solltest du unbedingt deine Emailadresse in dem Feld \u201eVerwendungszweck\u201c eintragen, damit<\/p>\n","protected":false},"author":1,"featured_media":0,"parent":0,"menu_order":0,"comment_status":"closed","ping_status":"closed","template":"","meta":{"_eb_attr":"","footnotes":""},"class_list":["post-125","page","type-page","status-publish","hentry"],"yoast_head":"<!-- This site is optimized with the Yoast SEO plugin v20.0 - https:\/\/yoast.com\/wordpress\/plugins\/seo\/ -->\n<title>Tarot Legung buchen - Bonnie Tarot<\/title>\n<meta name=\"description\" content=\"Tarot Legung buchen\" \/>\n<meta name=\"robots\" content=\"index, follow, max-snippet:-1, max-image-preview:large, max-video-preview:-1\" \/>\n<link rel=\"canonical\" href=\"https:\/\/bonnietarot.de\/index.php\/buchen\/\" \/>\n<meta property=\"og:locale\" content=\"de_DE\" \/>\n<meta property=\"og:type\" content=\"article\" \/>\n<meta property=\"og:title\" content=\"Tarot Legung buchen - Bonnie Tarot\" \/>\n<meta property=\"og:description\" content=\"Tarot Legung buchen\" \/>\n<meta property=\"og:url\" content=\"https:\/\/bonnietarot.de\/index.php\/buchen\/\" \/>\n<meta property=\"og:site_name\" content=\"Bonnie Tarot\" \/>\n<meta property=\"article:modified_time\" content=\"2023-01-28T14:44:24+00:00\" \/>\n<meta name=\"twitter:card\" content=\"summary_large_image\" \/>\n<meta name=\"twitter:label1\" content=\"Gesch\u00e4tzte Lesezeit\" \/>\n\t<meta name=\"twitter:data1\" content=\"1\u00a0Minute\" \/>\n<script type=\"application\/ld+json\" class=\"yoast-schema-graph\">{\"@context\":\"https:\/\/schema.org\",\"@graph\":[{\"@type\":\"WebPage\",\"@id\":\"https:\/\/bonnietarot.de\/index.php\/buchen\/\",\"url\":\"https:\/\/bonnietarot.de\/index.php\/buchen\/\",\"name\":\"Tarot Legung buchen - Bonnie Tarot\",\"isPartOf\":{\"@id\":\"https:\/\/bonnietarot.de\/#website\"},\"datePublished\":\"2022-12-07T12:47:34+00:00\",\"dateModified\":\"2023-01-28T14:44:24+00:00\",\"description\":\"Tarot Legung buchen\",\"breadcrumb\":{\"@id\":\"https:\/\/bonnietarot.de\/index.php\/buchen\/#breadcrumb\"},\"inLanguage\":\"de\",\"potentialAction\":[{\"@type\":\"ReadAction\",\"target\":[\"https:\/\/bonnietarot.de\/index.php\/buchen\/\"]}]},{\"@type\":\"BreadcrumbList\",\"@id\":\"https:\/\/bonnietarot.de\/index.php\/buchen\/#breadcrumb\",\"itemListElement\":[{\"@type\":\"ListItem\",\"position\":1,\"name\":\"Home\",\"item\":\"https:\/\/bonnietarot.de\/\"},{\"@type\":\"ListItem\",\"position\":2,\"name\":\"Tarot Legung buchen\"}]},{\"@type\":\"WebSite\",\"@id\":\"https:\/\/bonnietarot.de\/#website\",\"url\":\"https:\/\/bonnietarot.de\/\",\"name\":\"Bonnie Tarot\",\"description\":\"Pers\u00f6nliche Tarotkarten Legung online per Video\",\"publisher\":{\"@id\":\"https:\/\/bonnietarot.de\/#\/schema\/person\/e9b5d9fd0de7b15bcb90e9c122cac3a4\"},\"potentialAction\":[{\"@type\":\"SearchAction\",\"target\":{\"@type\":\"EntryPoint\",\"urlTemplate\":\"https:\/\/bonnietarot.de\/?s={search_term_string}\"},\"query-input\":\"required name=search_term_string\"}],\"inLanguage\":\"de\"},{\"@type\":[\"Person\",\"Organization\"],\"@id\":\"https:\/\/bonnietarot.de\/#\/schema\/person\/e9b5d9fd0de7b15bcb90e9c122cac3a4\",\"name\":\"D\u00f6rte Pranzas\",\"image\":{\"@type\":\"ImageObject\",\"inLanguage\":\"de\",\"@id\":\"https:\/\/bonnietarot.de\/#\/schema\/person\/image\/\",\"url\":\"https:\/\/secure.gravatar.com\/avatar\/5f7e6c6ad10d39dd765f9ef69ef311cd7e6ecc30fa0a8a332cac5d510546baa2?s=96&d=mm&r=g\",\"contentUrl\":\"https:\/\/secure.gravatar.com\/avatar\/5f7e6c6ad10d39dd765f9ef69ef311cd7e6ecc30fa0a8a332cac5d510546baa2?s=96&d=mm&r=g\",\"caption\":\"D\u00f6rte Pranzas\"},\"logo\":{\"@id\":\"https:\/\/bonnietarot.de\/#\/schema\/person\/image\/\"},\"sameAs\":[\"http:\/\/bonnietarot.de\"]}]}<\/script>\n<!-- \/ Yoast SEO plugin. -->","yoast_head_json":{"title":"Tarot Legung buchen - Bonnie Tarot","description":"Tarot Legung buchen","robots":{"index":"index","follow":"follow","max-snippet":"max-snippet:-1","max-image-preview":"max-image-preview:large","max-video-preview":"max-video-preview:-1"},"canonical":"https:\/\/bonnietarot.de\/index.php\/buchen\/","og_locale":"de_DE","og_type":"article","og_title":"Tarot Legung buchen - Bonnie Tarot","og_description":"Tarot Legung buchen","og_url":"https:\/\/bonnietarot.de\/index.php\/buchen\/","og_site_name":"Bonnie Tarot","article_modified_time":"2023-01-28T14:44:24+00:00","twitter_card":"summary_large_image","twitter_misc":{"Gesch\u00e4tzte Lesezeit":"1\u00a0Minute"},"schema":{"@context":"https:\/\/schema.org","@graph":[{"@type":"WebPage","@id":"https:\/\/bonnietarot.de\/index.php\/buchen\/","url":"https:\/\/bonnietarot.de\/index.php\/buchen\/","name":"Tarot Legung buchen - Bonnie Tarot","isPartOf":{"@id":"https:\/\/bonnietarot.de\/#website"},"datePublished":"2022-12-07T12:47:34+00:00","dateModified":"2023-01-28T14:44:24+00:00","description":"Tarot Legung buchen","breadcrumb":{"@id":"https:\/\/bonnietarot.de\/index.php\/buchen\/#breadcrumb"},"inLanguage":"de","potentialAction":[{"@type":"ReadAction","target":["https:\/\/bonnietarot.de\/index.php\/buchen\/"]}]},{"@type":"BreadcrumbList","@id":"https:\/\/bonnietarot.de\/index.php\/buchen\/#breadcrumb","itemListElement":[{"@type":"ListItem","position":1,"name":"Home","item":"https:\/\/bonnietarot.de\/"},{"@type":"ListItem","position":2,"name":"Tarot Legung buchen"}]},{"@type":"WebSite","@id":"https:\/\/bonnietarot.de\/#website","url":"https:\/\/bonnietarot.de\/","name":"Bonnie Tarot","description":"Pers\u00f6nliche Tarotkarten Legung online per Video","publisher":{"@id":"https:\/\/bonnietarot.de\/#\/schema\/person\/e9b5d9fd0de7b15bcb90e9c122cac3a4"},"potentialAction":[{"@type":"SearchAction","target":{"@type":"EntryPoint","urlTemplate":"https:\/\/bonnietarot.de\/?s={search_term_string}"},"query-input":"required name=search_term_string"}],"inLanguage":"de"},{"@type":["Person","Organization"],"@id":"https:\/\/bonnietarot.de\/#\/schema\/person\/e9b5d9fd0de7b15bcb90e9c122cac3a4","name":"D\u00f6rte Pranzas","image":{"@type":"ImageObject","inLanguage":"de","@id":"https:\/\/bonnietarot.de\/#\/schema\/person\/image\/","url":"https:\/\/secure.gravatar.com\/avatar\/5f7e6c6ad10d39dd765f9ef69ef311cd7e6ecc30fa0a8a332cac5d510546baa2?s=96&d=mm&r=g","contentUrl":"https:\/\/secure.gravatar.com\/avatar\/5f7e6c6ad10d39dd765f9ef69ef311cd7e6ecc30fa0a8a332cac5d510546baa2?s=96&d=mm&r=g","caption":"D\u00f6rte Pranzas"},"logo":{"@id":"https:\/\/bonnietarot.de\/#\/schema\/person\/image\/"},"sameAs":["http:\/\/bonnietarot.de"]}]}},"_links":{"self":[{"href":"https:\/\/bonnietarot.de\/index.php\/wp-json\/wp\/v2\/pages\/125","targetHints":{"allow":["GET"]}}],"collection":[{"href":"https:\/\/bonnietarot.de\/index.php\/wp-json\/wp\/v2\/pages"}],"about":[{"href":"https:\/\/bonnietarot.de\/index.php\/wp-json\/wp\/v2\/types\/page"}],"author":[{"embeddable":true,"href":"https:\/\/bonnietarot.de\/index.php\/wp-json\/wp\/v2\/users\/1"}],"replies":[{"embeddable":true,"href":"https:\/\/bonnietarot.de\/index.php\/wp-json\/wp\/v2\/comments?post=125"}],"version-history":[{"count":8,"href":"https:\/\/bonnietarot.de\/index.php\/wp-json\/wp\/v2\/pages\/125\/revisions"}],"predecessor-version":[{"id":793,"href":"https:\/\/bonnietarot.de\/index.php\/wp-json\/wp\/v2\/pages\/125\/revisions\/793"}],"wp:attachment":[{"href":"https:\/\/bonnietarot.de\/index.php\/wp-json\/wp\/v2\/media?parent=125"}],"curies":[{"name":"wp","href":"https:\/\/api.w.org\/{rel}","templated":true}]}}