{"id":113,"date":"2022-12-07T12:40:58","date_gmt":"2022-12-07T12:40:58","guid":{"rendered":"http:\/\/localhost\/bonnietarotWP\/?page_id=113"},"modified":"2023-01-28T15:40:45","modified_gmt":"2023-01-28T14:40:45","slug":"faq","status":"publish","type":"page","link":"https:\/\/bonnietarot.de\/index.php\/faq\/","title":{"rendered":"FAQ"},"content":{"rendered":"\n<h4 class=\"has-vivid-red-color has-text-color wp-block-heading\">H\u00e4ufig gestellte Fragen<\/h4>\n\n\n<style>#sp-ea-768 .spcollapsing { height: 0; overflow: hidden; transition-property: height;transition-duration: 300ms;}#sp-ea-768.sp-easy-accordion>.sp-ea-single {border: 1px solid #e2e2e2; }#sp-ea-768.sp-easy-accordion>.sp-ea-single>.ea-header a {color: #444;}#sp-ea-768.sp-easy-accordion>.sp-ea-single>.sp-collapse>.ea-body {background: #fff; color: #444;}#sp-ea-768.sp-easy-accordion>.sp-ea-single {background: #eee;}#sp-ea-768.sp-easy-accordion>.sp-ea-single>.ea-header a .ea-expand-icon.fa { float: left; color: #444;font-size: 16px;}<\/style><div id=\"sp-ea-768\" class=\"sp-ea-one sp-easy-accordion\" data-ex-icon=\"fa-minus\" data-col-icon=\"fa-plus\"  data-ea-active=\"ea-click\"  data-ea-mode=\"vertical\" data-preloader=\"\" data-scroll-active-item=\"\" data-offset-to-scroll=\"0\"><div class=\"ea-card  sp-ea-single\"><h3 class=\"ea-header\"><a class=\"collapsed\" data-sptoggle=\"spcollapse\" data-sptarget=#collapse7680 href=\"javascript:void(0)\"  aria-expanded=\"false\"><i class=\"ea-expand-icon fa fa-plus\"><\/i> Welche Antworten geben die Tarotkarten ?<\/a><\/h3><div class=\"sp-collapse spcollapse spcollapse\" id=\"collapse7680\" data-parent=#sp-ea-768><div class=\"ea-body\"><p>Siehe:\u00a0<a href=\"http:\/\/bonnietarot.de\/index.php\/welche-antworten-geben-die-tarotkarten\/\" data-type=\"page\" data-id=\"561\">Welche Antworten geben die Tarotkarten?<\/a><\/p>\n<\/div><\/div><\/div><div class=\"ea-card  sp-ea-single\"><h3 class=\"ea-header\"><a class=\"collapsed\" data-sptoggle=\"spcollapse\" data-sptarget=#collapse7681 href=\"javascript:void(0)\"  aria-expanded=\"false\"><i class=\"ea-expand-icon fa fa-plus\"><\/i> Wie l\u00e4uft eine Tarotkarten-Legung ab ?<\/a><\/h3><div class=\"sp-collapse spcollapse spcollapse\" id=\"collapse7681\" data-parent=#sp-ea-768><div class=\"ea-body\"><p>Siehe:\u00a0<a href=\"http:\/\/bonnietarot.de\/index.php\/ablauf\/\" data-type=\"page\" data-id=\"127\">Wie l\u00e4uft eine Tarot-Legung ab ?<\/a><\/p>\n<\/div><\/div><\/div><div class=\"ea-card  sp-ea-single\"><h3 class=\"ea-header\"><a class=\"collapsed\" data-sptoggle=\"spcollapse\" data-sptarget=#collapse7682 href=\"javascript:void(0)\"  aria-expanded=\"false\"><i class=\"ea-expand-icon fa fa-plus\"><\/i> Wie buche ich eine Legung ?<\/a><\/h3><div class=\"sp-collapse spcollapse spcollapse\" id=\"collapse7682\" data-parent=#sp-ea-768><div class=\"ea-body\"><p>Siehe:\u00a0<a href=\"http:\/\/bonnietarot.de\/index.php\/buchen\/\" data-type=\"page\" data-id=\"125\">Tarot Legung buchen<\/a><\/p>\n<\/div><\/div><\/div><div class=\"ea-card  sp-ea-single\"><h3 class=\"ea-header\"><a class=\"collapsed\" data-sptoggle=\"spcollapse\" data-sptarget=#collapse7683 href=\"javascript:void(0)\"  aria-expanded=\"false\"><i class=\"ea-expand-icon fa fa-plus\"><\/i> Was rate ich dir ?<\/a><\/h3><div class=\"sp-collapse spcollapse spcollapse\" id=\"collapse7683\" data-parent=#sp-ea-768><div class=\"ea-body\"><p>Welche Aussagekraft hat eine Tarotkartenlegung ? Ich hatte eine sehr gute Antwort gefunden: Die Aussagekraft eines weisen Rates eines lebenserfahrenen Menschen. Ich rate dir durchaus, eine Tarotkartenlegung zu buchen, insbesondere, wenn dich ein Problem\u00a0 belastet, bei dem du allein nicht weiterkommst und all deine guten Freunde dir schon ihre Ratschl\u00e4ge gegeben haben, ohne dir weitergeholfen zu haben. Und deine Freunde wollen vielleicht auch nichts mehr davon h\u00f6ren !\u00a0\u00a0Es kann aber auch sein, dass dich etwas belastet, was du bisher mit keinem Menschen geteilt hast und du suchst die Anonymit\u00e4t einer telefonischen Tarotkartenlegung.<\/p>\n<p>Die Vorhersagen m\u00fcssen nicht eintreffen, insbesondere nicht die negativen. Sie k\u00f6nnen auch den Sinn haben, dich wach zu r\u00fctteln oder dich dazu zu bringen, etwas zu tun, damit die Angelegenheit eben nicht in die Richtung l\u00e4uft, die die Karten \u201esehen\u201c.<\/p>\n<p>Du wirst sowieso nur das annehmen, was in dein pers\u00f6nliches System passt. Die Karten haben keine Macht \u00fcber dich. Du bestimmst selbst \u00fcber dein Leben !<\/p>\n<p>Was die Karten dir geben k\u00f6nnen: Sie beleuchten und erleuchten einen dunklen Bereich in deinem Leben, sie geben dir liebevolle Hinweise, die Sache mal anders als gewohnt zu betrachten.<\/p>\n<p>Ich rate dir auch, die Karten nicht zu oft zu fragen. Ich selbst bin ebenfalls in die Falle getappt. Man kann die Karten auch 10mal auf ein und dieselbe Frage legen und die Antworten werden immer verwirrender und irgendwann bekommt man das Gef\u00fchl, die Karten nehmen einen nicht mehr ernst.<\/p>\n<p>Ich rate dir, wenn dich das Thema \u201eTarot\u201c interessiert\u201c, ein wenig Erfahrung damit zu sammeln und die Ratschl\u00e4ge der Karten, die ja eigentlich Ratschl\u00e4ge der Kr\u00e4fte der wohlmeinenden geistigen Welt sind, anzuh\u00f6ren und in deinem Herzen abzuw\u00e4gen. Wenn du das ein paar Mal gemacht hast, kannst du bei weiteren Problemen, die auftauchen, \u00fcberlegen, ob es n\u00f6tig ist, die Karten zu fragen oder ob das nicht einfach durch dein jetzt schon erweitertes Bewu\u00dftsein gel\u00f6st werden kann. Bei mir hatte es sich wirklich in diese Richtung entwickelt. Nach einer Phase des exzessiven Ratsuchens kam eine Phase der Abstinenz und dann wieder ein paar vorsichtige Legungen mit hervorragenden Resultaten und dann wurde das Kartenlegen immer weniger n\u00f6tig.<\/p>\n<\/div><\/div><\/div><div class=\"ea-card  sp-ea-single\"><h3 class=\"ea-header\"><a class=\"collapsed\" data-sptoggle=\"spcollapse\" data-sptarget=#collapse7684 href=\"javascript:void(0)\"  aria-expanded=\"false\"><i class=\"ea-expand-icon fa fa-plus\"><\/i> Warum soll ich eine Tarotlegung bei einem Kartendeuter buchen, wenn ich mir doch auf diversen Webseiten elektronisch generierte Karten ziehen lassen oder auch die Karten selbst legen kann ?<\/a><\/h3><div class=\"sp-collapse spcollapse spcollapse\" id=\"collapse7684\" data-parent=#sp-ea-768><div class=\"ea-body\"><p>Diese Frage kann ich nur subjektiv beantworten. Ich sage nicht, dass es so ist, es ist nur meine pers\u00f6nliche Ansicht. Zun\u00e4chst mal glaube ich daran, dass es eine feinstoffliche geistige Welt gibt, die bev\u00f6lkert ist von Wesenheiten, die nur wenige M\u00f6glichkeiten haben, mit uns in Kontakt zu treten. Sie w\u00fcrden es gerne tun, denn sie beobachten uns genau. Manche von ihnen sind unsere Ahnen und unsere k\u00fcnftigen Nachkommen, manche geh\u00f6ren zu unserer Seelenfamilie und andere sind unsere Schutzengel. Auch wir werden (wieder) Teil der geistigen Welt werden.<\/p>\n<p>\u00a0<\/p>\n<p>Wenn wir nun eine Tarotlegung buchen oder auch selbst durchf\u00fchren oder eine Tarotseite im Internet besuchen, um Karten ziehen zu lassen, weiss das die geistige Welt genau und ist zur Stelle. Uns wohlgesonnene Kr\u00e4fte versuchen, uns Botschaften zukommen zu lassen. Ich bin \u00fcberzeugt, dass die geistige Welt bestimmen kann, welche Karten gezogen werden. Und zwar bei jeder Methode. Also auch die nach dem Zufallsprinzip elektronisch generierte Karte ! Das Problem ist nur die \u00dcbersetzung. Man selbst ist f\u00fcr die eigenen Botschaften oft nicht offen, weil man zu befangen ist. Ein Hom\u00f6opath l\u00e4sst sich auch von einem anderen Hom\u00f6opathen behandeln, weil man sich selbst oft nicht neutral sehen kann.<\/p>\n<p>\u00a0<\/p>\n<p>Dann sind die Kartenbedeutungen widerspr\u00fcchlich, auch auf den Webseiten oder in den B\u00fcchern. Und hier kommt der Nutzen eines erfahrenen Kartendeuters ins Spiel. Die geistige Welt weiss, welche Bedeutungen er\/sie den Karten gibt. Es ist wie eine Sprache. Je klarer der Kartendeuter weiss, welche Karte was genau bedeutet, desto genauer kann die Botschaft gestaltet werden. Diese Erkl\u00e4rung deckt viele Erfahrungen ab, die ich pers\u00f6nlich in den letzten 30 Jahren mit den Tarotkarten gemacht habe.<\/p>\n<p>\u00a0<\/p>\n<p>Einen zweiten Nutzen sehe ich darin, dass ein erfahrener und gutwilliger Kartendeuter negativ gesonnene Wesenheiten nicht durchl\u00e4sst. Tarot ist nun mal ein Teil der Magie und sollte auch dementsprechend ernst genommen werden.<\/p>\n<\/div><\/div><\/div><div class=\"ea-card  sp-ea-single\"><h3 class=\"ea-header\"><a class=\"collapsed\" data-sptoggle=\"spcollapse\" data-sptarget=#collapse7685 href=\"javascript:void(0)\"  aria-expanded=\"false\"><i class=\"ea-expand-icon fa fa-plus\"><\/i> Warum haben manche Menschen Angst vor den Tarotkarten ?<\/a><\/h3><div class=\"sp-collapse spcollapse spcollapse\" id=\"collapse7685\" data-parent=#sp-ea-768><div class=\"ea-body\"><p>Tarot geh\u00f6rt zum Thema Magie und geh\u00f6rt somit keinem gesch\u00fctzten Mainstream an. Weder die offiziellen Kirchen (die Tarot und Magie offen und verdeckt bek\u00e4mpfen und verunglimpfen) noch der im Moment herrschende Mainstream der eher atheistisch und materiell eingestellten Wissenschaft (der Magie und Tarot als pure Einbildung dummer Menschen abtut) hat ein Interesse daran, Tarot zu erkl\u00e4ren oder auch nur positiv dastehen zu lassen. \u00a0Jedenfalls gen\u00fcgt schon eine kurze Internetrecherche zum Thema und man findet jede Menge abwertende und auch angstmachende \u00c4u\u00dferungen \u00fcber Tarot und Zukunftsschau.<\/p>\n<p>\u00a0<\/p>\n<p>In vielen Texten von allen m\u00f6glichen Seiten wird Tarot B\u00f6ses und Dummes unterstellt. Kein Wunder, dass es den meisten Menschen irgendwie \u201eunheimlich\u201c oder auch l\u00e4cherlich erscheint. Eigentlich muss man ganz sch\u00f6n eigensinnig sein und \u00fcber ein gutes Selbstbewu\u00dftsein verf\u00fcgen, um sich \u00fcberhaupt damit zu besch\u00e4ftigen\u00a0\ud83d\ude09<\/p>\n<p>\u00a0<\/p>\n<p>Ich meine, jeder sollte seinem eigenen Herzen oder seiner inneren Stimme folgen. Wenn du dich zum Tarot hingezogen f\u00fchlst, lass dich nicht von den Meinungen anderer Menschen davon abhalten.<\/p>\n<\/div><\/div><\/div><div class=\"ea-card  sp-ea-single\"><h3 class=\"ea-header\"><a class=\"collapsed\" data-sptoggle=\"spcollapse\" data-sptarget=#collapse7686 href=\"javascript:void(0)\"  aria-expanded=\"false\"><i class=\"ea-expand-icon fa fa-plus\"><\/i> Was bringt mir eine Kollektivlegung z.B. auf Youtube ?<\/a><\/h3><div class=\"sp-collapse spcollapse spcollapse\" id=\"collapse7686\" data-parent=#sp-ea-768><div class=\"ea-body\"><p>Ich kenne dieses Thema erst seit kurzem und habe eine Reihe von Sternzeichenlegungen auf YouTube verfolgt. Eigentlich war ich erstaunt dar\u00fcber, dass diese Legungen ziemlich zutreffend waren ! Die Kollektivlegungen werden aber meistens von den Kartendeutern selbst relativiert und es wird geraten, sich die Legung f\u00fcr den Aszendenten oder das Mondzeichen anzuschauen, wenn die Legung nicht zutreffen sollte. Ich denke, es ist ein guter Start in die Welt des Tarots.<\/p>\n<\/div><\/div><\/div><div class=\"ea-card  sp-ea-single\"><h3 class=\"ea-header\"><a class=\"collapsed\" data-sptoggle=\"spcollapse\" data-sptarget=#collapse7687 href=\"javascript:void(0)\"  aria-expanded=\"false\"><i class=\"ea-expand-icon fa fa-plus\"><\/i> Was kostet eine Tarotkartenlegung ?<\/a><\/h3><div class=\"sp-collapse spcollapse spcollapse\" id=\"collapse7687\" data-parent=#sp-ea-768><div class=\"ea-body\"><p>Da gibt es Angebote, eine Frage f\u00fcr wenige Euro zu beantworten. Dies geschieht dann h\u00e4ufig in den Esoterik-Call Centern, die alle m\u00f6glichen Zukunftsschauen f\u00fcr wenige Euro anbieten. Ich denke, diese Call Center sind sehr professionell gef\u00fchrt und nicht besonders spirituell\u00a0\ud83d\ude09\u00a0Pers\u00f6nliche Kartenlegungen von selbst\u00e4ndigen Kartendeutern gibt es f\u00fcr etwas mehr Geld und es gibt auch sehr erfolgreiche Kartenkundige, die durchaus 150 oder auch 300 Euro verlangen, wenn sie besonders stark ausgebucht sind. Diese teuren Kartendeuter sind entweder besonders gut oder haben ein gutes Marketing. Letztendlich musst du das alles selbst herausfinden\u00a0\ud83d\ude09<\/p>\n<p>\u00a0<\/p>\n<p><strong>Die Kartenlegung bei mir kostet aktuell 30,00 Euro.<\/strong><\/p>\n<\/div><\/div><\/div><div class=\"ea-card  sp-ea-single\"><h3 class=\"ea-header\"><a class=\"collapsed\" data-sptoggle=\"spcollapse\" data-sptarget=#collapse7688 href=\"javascript:void(0)\"  aria-expanded=\"false\"><i class=\"ea-expand-icon fa fa-plus\"><\/i> Muss ich w\u00e4hrend des Kartenziehens oder Stopsagens an mein Anliegen denken ?<\/a><\/h3><div class=\"sp-collapse spcollapse spcollapse\" id=\"collapse7688\" data-parent=#sp-ea-768><div class=\"ea-body\"><p>Das kannst du tun, aber es ist meiner Erfahrung nach nicht notwendig. Das Thema ist sowieso in deinem Feld.<\/p>\n<\/div><\/div><\/div><div class=\"ea-card  sp-ea-single\"><h3 class=\"ea-header\"><a class=\"collapsed\" data-sptoggle=\"spcollapse\" data-sptarget=#collapse7689 href=\"javascript:void(0)\"  aria-expanded=\"false\"><i class=\"ea-expand-icon fa fa-plus\"><\/i> Sollen wir uns siezen oder duzen ?<\/a><\/h3><div class=\"sp-collapse spcollapse spcollapse\" id=\"collapse7689\" data-parent=#sp-ea-768><div class=\"ea-body\"><p>Eine wichtige Frage, die bei jedem Kontakt neu auftaucht. Ich pers\u00f6nlich bevorzuge das \u201eDu\u201c. M\u00f6glicherweise werden wir sehr pers\u00f6nliche Themen besprechen, man kann es bei einer Kartenlegung nicht vermeiden, da erscheint mir das pers\u00f6nliche \u201eDu\u201c angemessener als das distanzierte \u201eSie\u201c. Aber sollten Sie sich wohler f\u00fchlen mit dem siezen, dann sind Sie herzlich eingeladen, das beim ersten Kontakt einfach zu sagen. Jeder empfindet anders und ich halte mich dann gerne daran ! Bis dahin erlaube ich mir in den Texten auf meiner Webseite dich als m\u00f6glichen Kunden \/ m\u00f6gliche Kundin zu duzen.<\/p>\n<\/div><\/div><\/div><div class=\"ea-card  sp-ea-single\"><h3 class=\"ea-header\"><a class=\"collapsed\" data-sptoggle=\"spcollapse\" data-sptarget=#collapse76810 href=\"javascript:void(0)\"  aria-expanded=\"false\"><i class=\"ea-expand-icon fa fa-plus\"><\/i> Wie gehe ich, Bonnie, als Kartendeuterin, damit um, wenn negative Karten bei der Legung auftauchen ?<\/a><\/h3><div class=\"sp-collapse spcollapse spcollapse\" id=\"collapse76810\" data-parent=#sp-ea-768><div class=\"ea-body\"><p>Wenn diese negativen Karten (und es gibt einige davon im Tarot) nicht gerade auf einem Zukunftsplatz liegen, gehe ich davon aus, dass der negative Zustand der fragenden Person durchaus bekannt sind. Deshalb spreche ich sie auch genau so an, wie sie auftauchen. Sollte wirklich ein negatives oder sogar erschreckendes Ereignis in der Zukunft gelegt werden, dann werde ich das kaum verheimlichen k\u00f6nnen. Man kann die Karten \u00fcber Video gut selbst sehen und auch die Bedeutung der Karten sind recherchierbar, ich habe selbst alle 78 Tarotkarten plus Bedeutung auf meine Webseite gestellt\u00a0\u00a0Ich kann darauf hinweisen, dass die Karten vielleicht nur erschrecken im Sinne von \u201eaufschrecken\u201c wollen und dass das negative Ereignis nicht eintreffen muss, wenn man sein Verhalten \u00e4ndert. Vielleicht legen wir dann gleich darauf, wie man sich verhalten sollte, um das Ereignis zu verhindern. Negative Karten positiv umzudeuten halte ich f\u00fcr unehrlich und auch nicht hilfreich f\u00fcr den Frager.<\/p>\n<\/div><\/div><\/div><div class=\"ea-card  sp-ea-single\"><h3 class=\"ea-header\"><a class=\"collapsed\" data-sptoggle=\"spcollapse\" data-sptarget=#collapse76811 href=\"javascript:void(0)\"  aria-expanded=\"false\"><i class=\"ea-expand-icon fa fa-plus\"><\/i> Kann ich anonym bleiben ?<\/a><\/h3><div class=\"sp-collapse spcollapse spcollapse\" id=\"collapse76811\" data-parent=#sp-ea-768><div class=\"ea-body\"><p>Selbstverst\u00e4ndlich kannst du anonym bleiben. Wenn du die Zahlung anonym oder \u00fcber eine andere Person organisierst und eine anonyme Email einrichtest, \u00fcber die ich dich erreichen kann, wenn du mir ein Pseudonym als Namen sagst, muss ich gar nicht wissen, wer du bist. In dem Fall rate ich dir schon, des \u00f6fteren im Vorfeld fest daran zu denken, dass du als \u201eFake-Name\u201c eine Sitzung buchst, damit deine geistige Welt, Schutzengel und wer sonst noch Auskunft geben m\u00f6chte zu deinem Anliegen, Bescheid weiss und erscheinen k\u00f6nnen. Ich weiss zwar nicht, ob es n\u00f6tig ist, aber sicher ist sicher\u00a0\ud83d\ude09<\/p>\n<\/div><\/div><\/div><div class=\"ea-card  sp-ea-single\"><h3 class=\"ea-header\"><a class=\"collapsed\" data-sptoggle=\"spcollapse\" data-sptarget=#collapse76812 href=\"javascript:void(0)\"  aria-expanded=\"false\"><i class=\"ea-expand-icon fa fa-plus\"><\/i> Muss ich an die Tarotkarten glauben, um sie mir erfolgreich legen\u00a0zu\u00a0lassen\u00a0?<\/a><\/h3><div class=\"sp-collapse spcollapse spcollapse\" id=\"collapse76812\" data-parent=#sp-ea-768><div class=\"ea-body\"><p>Nein. Ich habe bereits oft \"Ungl\u00e4ubigen\" die Karten gelegt und das Ergebnis unterscheidet sich in der Deutlichkeit und Aussagekraft nicht von Menschen, die an die\u00a0Karten\u00a0glauben.<\/p>\n<\/div><\/div><\/div><\/div>\n","protected":false},"excerpt":{"rendered":"<p>H\u00e4ufig gestellte Fragen<\/p>\n","protected":false},"author":1,"featured_media":0,"parent":0,"menu_order":0,"comment_status":"closed","ping_status":"closed","template":"","meta":{"_eb_attr":"","footnotes":""},"class_list":["post-113","page","type-page","status-publish","hentry"],"yoast_head":"<!-- This site is optimized with the Yoast SEO plugin v20.0 - https:\/\/yoast.com\/wordpress\/plugins\/seo\/ -->\n<title>FAQ - Bonnie Tarot<\/title>\n<meta name=\"description\" content=\"Bonnie Tarot FAQ\" \/>\n<meta name=\"robots\" content=\"index, follow, max-snippet:-1, max-image-preview:large, max-video-preview:-1\" \/>\n<link rel=\"canonical\" href=\"https:\/\/bonnietarot.de\/index.php\/faq\/\" \/>\n<meta property=\"og:locale\" content=\"de_DE\" \/>\n<meta property=\"og:type\" content=\"article\" \/>\n<meta property=\"og:title\" content=\"FAQ - Bonnie Tarot\" \/>\n<meta property=\"og:description\" content=\"Bonnie Tarot FAQ\" \/>\n<meta property=\"og:url\" content=\"https:\/\/bonnietarot.de\/index.php\/faq\/\" \/>\n<meta property=\"og:site_name\" content=\"Bonnie Tarot\" \/>\n<meta property=\"article:modified_time\" content=\"2023-01-28T14:40:45+00:00\" \/>\n<meta name=\"twitter:card\" content=\"summary_large_image\" \/>\n<meta name=\"twitter:label1\" content=\"Gesch\u00e4tzte Lesezeit\" \/>\n\t<meta name=\"twitter:data1\" content=\"1\u00a0Minute\" \/>\n<script type=\"application\/ld+json\" class=\"yoast-schema-graph\">{\"@context\":\"https:\/\/schema.org\",\"@graph\":[{\"@type\":\"WebPage\",\"@id\":\"https:\/\/bonnietarot.de\/index.php\/faq\/\",\"url\":\"https:\/\/bonnietarot.de\/index.php\/faq\/\",\"name\":\"FAQ - Bonnie Tarot\",\"isPartOf\":{\"@id\":\"https:\/\/bonnietarot.de\/#website\"},\"datePublished\":\"2022-12-07T12:40:58+00:00\",\"dateModified\":\"2023-01-28T14:40:45+00:00\",\"description\":\"Bonnie Tarot FAQ\",\"breadcrumb\":{\"@id\":\"https:\/\/bonnietarot.de\/index.php\/faq\/#breadcrumb\"},\"inLanguage\":\"de\",\"potentialAction\":[{\"@type\":\"ReadAction\",\"target\":[\"https:\/\/bonnietarot.de\/index.php\/faq\/\"]}]},{\"@type\":\"BreadcrumbList\",\"@id\":\"https:\/\/bonnietarot.de\/index.php\/faq\/#breadcrumb\",\"itemListElement\":[{\"@type\":\"ListItem\",\"position\":1,\"name\":\"Home\",\"item\":\"https:\/\/bonnietarot.de\/\"},{\"@type\":\"ListItem\",\"position\":2,\"name\":\"FAQ\"}]},{\"@type\":\"WebSite\",\"@id\":\"https:\/\/bonnietarot.de\/#website\",\"url\":\"https:\/\/bonnietarot.de\/\",\"name\":\"Bonnie Tarot\",\"description\":\"Pers\u00f6nliche Tarotkarten Legung online per Video\",\"publisher\":{\"@id\":\"https:\/\/bonnietarot.de\/#\/schema\/person\/e9b5d9fd0de7b15bcb90e9c122cac3a4\"},\"potentialAction\":[{\"@type\":\"SearchAction\",\"target\":{\"@type\":\"EntryPoint\",\"urlTemplate\":\"https:\/\/bonnietarot.de\/?s={search_term_string}\"},\"query-input\":\"required name=search_term_string\"}],\"inLanguage\":\"de\"},{\"@type\":[\"Person\",\"Organization\"],\"@id\":\"https:\/\/bonnietarot.de\/#\/schema\/person\/e9b5d9fd0de7b15bcb90e9c122cac3a4\",\"name\":\"D\u00f6rte Pranzas\",\"image\":{\"@type\":\"ImageObject\",\"inLanguage\":\"de\",\"@id\":\"https:\/\/bonnietarot.de\/#\/schema\/person\/image\/\",\"url\":\"https:\/\/secure.gravatar.com\/avatar\/5f7e6c6ad10d39dd765f9ef69ef311cd7e6ecc30fa0a8a332cac5d510546baa2?s=96&d=mm&r=g\",\"contentUrl\":\"https:\/\/secure.gravatar.com\/avatar\/5f7e6c6ad10d39dd765f9ef69ef311cd7e6ecc30fa0a8a332cac5d510546baa2?s=96&d=mm&r=g\",\"caption\":\"D\u00f6rte Pranzas\"},\"logo\":{\"@id\":\"https:\/\/bonnietarot.de\/#\/schema\/person\/image\/\"},\"sameAs\":[\"http:\/\/bonnietarot.de\"]}]}<\/script>\n<!-- \/ Yoast SEO plugin. -->","yoast_head_json":{"title":"FAQ - Bonnie Tarot","description":"Bonnie Tarot FAQ","robots":{"index":"index","follow":"follow","max-snippet":"max-snippet:-1","max-image-preview":"max-image-preview:large","max-video-preview":"max-video-preview:-1"},"canonical":"https:\/\/bonnietarot.de\/index.php\/faq\/","og_locale":"de_DE","og_type":"article","og_title":"FAQ - Bonnie Tarot","og_description":"Bonnie Tarot FAQ","og_url":"https:\/\/bonnietarot.de\/index.php\/faq\/","og_site_name":"Bonnie Tarot","article_modified_time":"2023-01-28T14:40:45+00:00","twitter_card":"summary_large_image","twitter_misc":{"Gesch\u00e4tzte Lesezeit":"1\u00a0Minute"},"schema":{"@context":"https:\/\/schema.org","@graph":[{"@type":"WebPage","@id":"https:\/\/bonnietarot.de\/index.php\/faq\/","url":"https:\/\/bonnietarot.de\/index.php\/faq\/","name":"FAQ - Bonnie Tarot","isPartOf":{"@id":"https:\/\/bonnietarot.de\/#website"},"datePublished":"2022-12-07T12:40:58+00:00","dateModified":"2023-01-28T14:40:45+00:00","description":"Bonnie Tarot FAQ","breadcrumb":{"@id":"https:\/\/bonnietarot.de\/index.php\/faq\/#breadcrumb"},"inLanguage":"de","potentialAction":[{"@type":"ReadAction","target":["https:\/\/bonnietarot.de\/index.php\/faq\/"]}]},{"@type":"BreadcrumbList","@id":"https:\/\/bonnietarot.de\/index.php\/faq\/#breadcrumb","itemListElement":[{"@type":"ListItem","position":1,"name":"Home","item":"https:\/\/bonnietarot.de\/"},{"@type":"ListItem","position":2,"name":"FAQ"}]},{"@type":"WebSite","@id":"https:\/\/bonnietarot.de\/#website","url":"https:\/\/bonnietarot.de\/","name":"Bonnie Tarot","description":"Pers\u00f6nliche Tarotkarten Legung online per Video","publisher":{"@id":"https:\/\/bonnietarot.de\/#\/schema\/person\/e9b5d9fd0de7b15bcb90e9c122cac3a4"},"potentialAction":[{"@type":"SearchAction","target":{"@type":"EntryPoint","urlTemplate":"https:\/\/bonnietarot.de\/?s={search_term_string}"},"query-input":"required name=search_term_string"}],"inLanguage":"de"},{"@type":["Person","Organization"],"@id":"https:\/\/bonnietarot.de\/#\/schema\/person\/e9b5d9fd0de7b15bcb90e9c122cac3a4","name":"D\u00f6rte Pranzas","image":{"@type":"ImageObject","inLanguage":"de","@id":"https:\/\/bonnietarot.de\/#\/schema\/person\/image\/","url":"https:\/\/secure.gravatar.com\/avatar\/5f7e6c6ad10d39dd765f9ef69ef311cd7e6ecc30fa0a8a332cac5d510546baa2?s=96&d=mm&r=g","contentUrl":"https:\/\/secure.gravatar.com\/avatar\/5f7e6c6ad10d39dd765f9ef69ef311cd7e6ecc30fa0a8a332cac5d510546baa2?s=96&d=mm&r=g","caption":"D\u00f6rte Pranzas"},"logo":{"@id":"https:\/\/bonnietarot.de\/#\/schema\/person\/image\/"},"sameAs":["http:\/\/bonnietarot.de"]}]}},"_links":{"self":[{"href":"https:\/\/bonnietarot.de\/index.php\/wp-json\/wp\/v2\/pages\/113","targetHints":{"allow":["GET"]}}],"collection":[{"href":"https:\/\/bonnietarot.de\/index.php\/wp-json\/wp\/v2\/pages"}],"about":[{"href":"https:\/\/bonnietarot.de\/index.php\/wp-json\/wp\/v2\/types\/page"}],"author":[{"embeddable":true,"href":"https:\/\/bonnietarot.de\/index.php\/wp-json\/wp\/v2\/users\/1"}],"replies":[{"embeddable":true,"href":"https:\/\/bonnietarot.de\/index.php\/wp-json\/wp\/v2\/comments?post=113"}],"version-history":[{"count":26,"href":"https:\/\/bonnietarot.de\/index.php\/wp-json\/wp\/v2\/pages\/113\/revisions"}],"predecessor-version":[{"id":774,"href":"https:\/\/bonnietarot.de\/index.php\/wp-json\/wp\/v2\/pages\/113\/revisions\/774"}],"wp:attachment":[{"href":"https:\/\/bonnietarot.de\/index.php\/wp-json\/wp\/v2\/media?parent=113"}],"curies":[{"name":"wp","href":"https:\/\/api.w.org\/{rel}","templated":true}]}}