{"id":109,"date":"2022-12-07T12:39:08","date_gmt":"2022-12-07T12:39:08","guid":{"rendered":"http:\/\/localhost\/bonnietarotWP\/?page_id=109"},"modified":"2023-01-28T15:50:13","modified_gmt":"2023-01-28T14:50:13","slug":"geschichte","status":"publish","type":"page","link":"https:\/\/bonnietarot.de\/index.php\/abouttarot\/geschichte\/","title":{"rendered":"Tarot Geschichte"},"content":{"rendered":"\n<p>Die Herkunft der Karten l\u00e4sst sich bis ins 14. Jahrhundert zur\u00fcckverfolgen. Die ersten urkundlichen Erw\u00e4hnungen \u201edes Kartenspiels\u201c waren Verbote, mit denen die Karten belegt wurden (um 1380). Ob es sich dabei um das Unterhaltungsspiel, vielleicht sogar Gl\u00fccksspiel handelte oder ob es dabei um die Orakelfunktion des Kartenspiels ging, ist nicht klar. <\/p>\n\n\n\n<p>Die kleinen Arkana gingen aus einem Kartenspiel hervor, das auch der Vorfahr des heutigen franz\u00f6sischen Skatblattes war. Man kann es gut erkennen an den 4 Farben und den Zahlen 1 (=As) bis 10 und den Hofkarten. Man kann auch mit Skatkarten weissagen und auch das Kartenspiel von Madame Lenormand basiert auf einem Skatspiel. Das Besondere beim Tarot sind die 22 grossen Arkana. Die Herkunft der grossen Arkana kann noch weniger eingegrenzt werden als die der kleinen Arkana. Die Motive der Karten sind sehr alt, so alt wie das Bewu\u00dftsein des Menschen selbst. <\/p>\n\n\n\n<p>Gegen Ende des 15 Jahrhunderts entstand das Spiel mit den 78 Karten, welches zun\u00e4chst das \u201eTarot von Marseille\u201c genannt wurde. Erst um 1900 entwickelte Arthur Edward Waite, ein in England lebender Amerikaner das Tarotspiel, wie wir es heute kennen. Er war Mitglied eines Ordens (Order of the Golden Dawn) und ein weiteres Ordensmitglied, die K\u00fcnstlerin Pamela Colman-Smith illustrierte die Karten. Damit erhielt jede einzelne Karte ein aussagekr\u00e4ftiges symbolisches Bild. Vorher waren die Karten einfach nur eine Darstellung der Farbe plus die Angabe des Zahlenwertes. Die durchgehende, detailverliebte Bebilderung machte das Waite-Tarot sehr erfolgreich, es ist bis heute das mit Abstand meistgefragte Tarot.<\/p>\n","protected":false},"excerpt":{"rendered":"<p>Die Herkunft der Karten l\u00e4sst sich bis ins 14. Jahrhundert zur\u00fcckverfolgen. Die ersten urkundlichen Erw\u00e4hnungen \u201edes Kartenspiels\u201c waren Verbote, mit denen die Karten belegt wurden (um 1380). Ob es sich dabei um das Unterhaltungsspiel, vielleicht sogar Gl\u00fccksspiel handelte oder ob es dabei um die Orakelfunktion des Kartenspiels ging, ist nicht klar. Die kleinen Arkana gingen aus einem Kartenspiel hervor, das auch der Vorfahr des heutigen franz\u00f6sischen Skatblattes war. Man kann es gut erkennen an den 4 Farben und den Zahlen 1 (=As) bis 10 und den Hofkarten. Man kann auch mit Skatkarten weissagen und auch das Kartenspiel von Madame Lenormand<\/p>\n","protected":false},"author":1,"featured_media":0,"parent":107,"menu_order":0,"comment_status":"closed","ping_status":"closed","template":"","meta":{"_eb_attr":"","footnotes":""},"class_list":["post-109","page","type-page","status-publish","hentry"],"yoast_head":"<!-- This site is optimized with the Yoast SEO plugin v20.0 - https:\/\/yoast.com\/wordpress\/plugins\/seo\/ -->\n<title>Tarot Geschichte - Bonnie Tarot<\/title>\n<meta name=\"description\" content=\"Tarot Geschichte Herkunft\" \/>\n<meta name=\"robots\" content=\"index, follow, max-snippet:-1, max-image-preview:large, max-video-preview:-1\" \/>\n<link rel=\"canonical\" href=\"https:\/\/bonnietarot.de\/index.php\/abouttarot\/geschichte\/\" \/>\n<meta property=\"og:locale\" content=\"de_DE\" \/>\n<meta property=\"og:type\" content=\"article\" \/>\n<meta property=\"og:title\" content=\"Tarot Geschichte - Bonnie Tarot\" \/>\n<meta property=\"og:description\" content=\"Tarot Geschichte Herkunft\" \/>\n<meta property=\"og:url\" content=\"https:\/\/bonnietarot.de\/index.php\/abouttarot\/geschichte\/\" \/>\n<meta property=\"og:site_name\" content=\"Bonnie Tarot\" \/>\n<meta property=\"article:modified_time\" content=\"2023-01-28T14:50:13+00:00\" \/>\n<meta name=\"twitter:card\" content=\"summary_large_image\" \/>\n<meta name=\"twitter:label1\" content=\"Gesch\u00e4tzte Lesezeit\" \/>\n\t<meta name=\"twitter:data1\" content=\"2\u00a0Minuten\" \/>\n<script type=\"application\/ld+json\" class=\"yoast-schema-graph\">{\"@context\":\"https:\/\/schema.org\",\"@graph\":[{\"@type\":\"WebPage\",\"@id\":\"https:\/\/bonnietarot.de\/index.php\/abouttarot\/geschichte\/\",\"url\":\"https:\/\/bonnietarot.de\/index.php\/abouttarot\/geschichte\/\",\"name\":\"Tarot Geschichte - Bonnie Tarot\",\"isPartOf\":{\"@id\":\"https:\/\/bonnietarot.de\/#website\"},\"datePublished\":\"2022-12-07T12:39:08+00:00\",\"dateModified\":\"2023-01-28T14:50:13+00:00\",\"description\":\"Tarot Geschichte Herkunft\",\"breadcrumb\":{\"@id\":\"https:\/\/bonnietarot.de\/index.php\/abouttarot\/geschichte\/#breadcrumb\"},\"inLanguage\":\"de\",\"potentialAction\":[{\"@type\":\"ReadAction\",\"target\":[\"https:\/\/bonnietarot.de\/index.php\/abouttarot\/geschichte\/\"]}]},{\"@type\":\"BreadcrumbList\",\"@id\":\"https:\/\/bonnietarot.de\/index.php\/abouttarot\/geschichte\/#breadcrumb\",\"itemListElement\":[{\"@type\":\"ListItem\",\"position\":1,\"name\":\"Home\",\"item\":\"https:\/\/bonnietarot.de\/\"},{\"@type\":\"ListItem\",\"position\":2,\"name\":\"\u00dcber Tarot\",\"item\":\"https:\/\/bonnietarot.de\/index.php\/abouttarot\/\"},{\"@type\":\"ListItem\",\"position\":3,\"name\":\"Tarot Geschichte\"}]},{\"@type\":\"WebSite\",\"@id\":\"https:\/\/bonnietarot.de\/#website\",\"url\":\"https:\/\/bonnietarot.de\/\",\"name\":\"Bonnie Tarot\",\"description\":\"Pers\u00f6nliche Tarotkarten Legung online per Video\",\"publisher\":{\"@id\":\"https:\/\/bonnietarot.de\/#\/schema\/person\/e9b5d9fd0de7b15bcb90e9c122cac3a4\"},\"potentialAction\":[{\"@type\":\"SearchAction\",\"target\":{\"@type\":\"EntryPoint\",\"urlTemplate\":\"https:\/\/bonnietarot.de\/?s={search_term_string}\"},\"query-input\":\"required name=search_term_string\"}],\"inLanguage\":\"de\"},{\"@type\":[\"Person\",\"Organization\"],\"@id\":\"https:\/\/bonnietarot.de\/#\/schema\/person\/e9b5d9fd0de7b15bcb90e9c122cac3a4\",\"name\":\"D\u00f6rte Pranzas\",\"image\":{\"@type\":\"ImageObject\",\"inLanguage\":\"de\",\"@id\":\"https:\/\/bonnietarot.de\/#\/schema\/person\/image\/\",\"url\":\"https:\/\/secure.gravatar.com\/avatar\/5f7e6c6ad10d39dd765f9ef69ef311cd7e6ecc30fa0a8a332cac5d510546baa2?s=96&d=mm&r=g\",\"contentUrl\":\"https:\/\/secure.gravatar.com\/avatar\/5f7e6c6ad10d39dd765f9ef69ef311cd7e6ecc30fa0a8a332cac5d510546baa2?s=96&d=mm&r=g\",\"caption\":\"D\u00f6rte Pranzas\"},\"logo\":{\"@id\":\"https:\/\/bonnietarot.de\/#\/schema\/person\/image\/\"},\"sameAs\":[\"http:\/\/bonnietarot.de\"]}]}<\/script>\n<!-- \/ Yoast SEO plugin. -->","yoast_head_json":{"title":"Tarot Geschichte - Bonnie Tarot","description":"Tarot Geschichte Herkunft","robots":{"index":"index","follow":"follow","max-snippet":"max-snippet:-1","max-image-preview":"max-image-preview:large","max-video-preview":"max-video-preview:-1"},"canonical":"https:\/\/bonnietarot.de\/index.php\/abouttarot\/geschichte\/","og_locale":"de_DE","og_type":"article","og_title":"Tarot Geschichte - Bonnie Tarot","og_description":"Tarot Geschichte Herkunft","og_url":"https:\/\/bonnietarot.de\/index.php\/abouttarot\/geschichte\/","og_site_name":"Bonnie Tarot","article_modified_time":"2023-01-28T14:50:13+00:00","twitter_card":"summary_large_image","twitter_misc":{"Gesch\u00e4tzte Lesezeit":"2\u00a0Minuten"},"schema":{"@context":"https:\/\/schema.org","@graph":[{"@type":"WebPage","@id":"https:\/\/bonnietarot.de\/index.php\/abouttarot\/geschichte\/","url":"https:\/\/bonnietarot.de\/index.php\/abouttarot\/geschichte\/","name":"Tarot Geschichte - Bonnie Tarot","isPartOf":{"@id":"https:\/\/bonnietarot.de\/#website"},"datePublished":"2022-12-07T12:39:08+00:00","dateModified":"2023-01-28T14:50:13+00:00","description":"Tarot Geschichte Herkunft","breadcrumb":{"@id":"https:\/\/bonnietarot.de\/index.php\/abouttarot\/geschichte\/#breadcrumb"},"inLanguage":"de","potentialAction":[{"@type":"ReadAction","target":["https:\/\/bonnietarot.de\/index.php\/abouttarot\/geschichte\/"]}]},{"@type":"BreadcrumbList","@id":"https:\/\/bonnietarot.de\/index.php\/abouttarot\/geschichte\/#breadcrumb","itemListElement":[{"@type":"ListItem","position":1,"name":"Home","item":"https:\/\/bonnietarot.de\/"},{"@type":"ListItem","position":2,"name":"\u00dcber Tarot","item":"https:\/\/bonnietarot.de\/index.php\/abouttarot\/"},{"@type":"ListItem","position":3,"name":"Tarot Geschichte"}]},{"@type":"WebSite","@id":"https:\/\/bonnietarot.de\/#website","url":"https:\/\/bonnietarot.de\/","name":"Bonnie Tarot","description":"Pers\u00f6nliche Tarotkarten Legung online per Video","publisher":{"@id":"https:\/\/bonnietarot.de\/#\/schema\/person\/e9b5d9fd0de7b15bcb90e9c122cac3a4"},"potentialAction":[{"@type":"SearchAction","target":{"@type":"EntryPoint","urlTemplate":"https:\/\/bonnietarot.de\/?s={search_term_string}"},"query-input":"required name=search_term_string"}],"inLanguage":"de"},{"@type":["Person","Organization"],"@id":"https:\/\/bonnietarot.de\/#\/schema\/person\/e9b5d9fd0de7b15bcb90e9c122cac3a4","name":"D\u00f6rte Pranzas","image":{"@type":"ImageObject","inLanguage":"de","@id":"https:\/\/bonnietarot.de\/#\/schema\/person\/image\/","url":"https:\/\/secure.gravatar.com\/avatar\/5f7e6c6ad10d39dd765f9ef69ef311cd7e6ecc30fa0a8a332cac5d510546baa2?s=96&d=mm&r=g","contentUrl":"https:\/\/secure.gravatar.com\/avatar\/5f7e6c6ad10d39dd765f9ef69ef311cd7e6ecc30fa0a8a332cac5d510546baa2?s=96&d=mm&r=g","caption":"D\u00f6rte Pranzas"},"logo":{"@id":"https:\/\/bonnietarot.de\/#\/schema\/person\/image\/"},"sameAs":["http:\/\/bonnietarot.de"]}]}},"_links":{"self":[{"href":"https:\/\/bonnietarot.de\/index.php\/wp-json\/wp\/v2\/pages\/109","targetHints":{"allow":["GET"]}}],"collection":[{"href":"https:\/\/bonnietarot.de\/index.php\/wp-json\/wp\/v2\/pages"}],"about":[{"href":"https:\/\/bonnietarot.de\/index.php\/wp-json\/wp\/v2\/types\/page"}],"author":[{"embeddable":true,"href":"https:\/\/bonnietarot.de\/index.php\/wp-json\/wp\/v2\/users\/1"}],"replies":[{"embeddable":true,"href":"https:\/\/bonnietarot.de\/index.php\/wp-json\/wp\/v2\/comments?post=109"}],"version-history":[{"count":5,"href":"https:\/\/bonnietarot.de\/index.php\/wp-json\/wp\/v2\/pages\/109\/revisions"}],"predecessor-version":[{"id":687,"href":"https:\/\/bonnietarot.de\/index.php\/wp-json\/wp\/v2\/pages\/109\/revisions\/687"}],"up":[{"embeddable":true,"href":"https:\/\/bonnietarot.de\/index.php\/wp-json\/wp\/v2\/pages\/107"}],"wp:attachment":[{"href":"https:\/\/bonnietarot.de\/index.php\/wp-json\/wp\/v2\/media?parent=109"}],"curies":[{"name":"wp","href":"https:\/\/api.w.org\/{rel}","templated":true}]}}